{"id":2373,"date":"2024-04-26T11:34:34","date_gmt":"2024-04-26T11:34:34","guid":{"rendered":"https:\/aviso-legal\/"},"modified":"2024-11-10T23:20:49","modified_gmt":"2024-11-10T22:20:49","slug":"aviso-legal","status":"publish","type":"page","link":"https:\/\/javiercachon.com\/en\/aviso-legal\/","title":{"rendered":"Legal notice"},"content":{"rendered":"<h3>IDENTIFICATION DATA OF THE OWNER OF THE WEBSITE<\/h3>\n<p>In compliance with the duty of information stipulated in article 10 of Law 34\/2002 of July 11 on Information Society Services and Electronic Commerce, <strong><em>Javier Cach\u00f3n Garrido<\/em><\/strong>, with DNI 02666616L, hereinafter <strong>Blog by Javier Cach\u00f3n Garrido<\/strong>, as owner of the website <strong>javiercachon.com<\/strong>, con domicilio en , c\u00f3digo postal 28470 de Cercedilla, Comunidad de Madrid, direcci\u00f3n de correo electr\u00f3nico <a href=\"mailto:&#105;n%66&#111;%40&#106;a&#118;&#105;e&#114;ca&#99;%68%6f&#110;.%63om\">info@javiercachon.com<\/a> and telephone 717709151, proceeds to communicate this information that constitutes and regulates the conditions of use on this page, the limitations of liability and the obligations that the users of the website published under the domain name <strong><i>javiercachon.com<\/i><\/strong>, assume and commit to respect.<\/p>\n<h3>TERMS OF USE<\/h3>\n<p>The use of <strong>javiercachon.com<\/strong> grants the status of <strong>User<\/strong> of <strong>javiercachon.com<\/strong>, bien sea persona f\u00edsica o jur\u00eddica, y obligatoriamente implica la aceptaci\u00f3n completa, plena y sin reservas de todas y cada una de las cl\u00e1usulas y condiciones generales incluidas en el Aviso Legal. Si el <strong>User<\/strong> If you do not agree with the clauses and conditions of use of this Legal Notice, you will refrain from using <strong>javiercachon.com<\/strong>. Este Aviso Legal est\u00e1 sujeto a cambios y actualizaciones, por lo que la versi\u00f3n publicada por <strong>Blog by Javier Cach\u00f3n Garrido<\/strong> may be different at each moment in which the <strong>User<\/strong> access the Portal. Therefore, the <strong>User<\/strong> You must read the Legal Notice each and every time you access <strong>javiercachon.com<\/strong>.<\/p>\n\n<p>Through <strong>javiercachon.com<\/strong>, <strong>Blog by Javier Cach\u00f3n Garrido<\/strong> makes it easier for <strong>User<\/strong> el acceso y la utilizaci\u00f3n de diversos contenidos publicados por medio de Internet por <strong>Blog by Javier Cach\u00f3n Garrido<\/strong> or by authorized third parties.<\/p>\n\n<p>He <strong>User<\/strong> is obliged and agrees to use <strong>javiercachon.com<\/strong> y los contenidos de conformidad con la legislaci\u00f3n vigente, el Aviso Legal y cualquier otro aviso o instrucciones puestos en su conocimiento, bien sea por medio de este Aviso Legal o en cualquier otro lugar dentro de los contenidos que conforman <strong>javiercachon.com<\/strong>, como son las normas de convivencia, la moral y las buenas costumbres generalmente aceptadas. A tal efecto, el <strong>User<\/strong> se obliga y compromete a no utilizar cualesquiera de los contenidos con fines o efectos il\u00edcitos, prohibidos en el Aviso Legal o por la legislaci\u00f3n vigente, lesivos de los derechos e intereses de terceros, o que de cualquier forma puedan da\u00f1ar, inutilizar, sobrecargar, deteriorar o impedir la normal utilizaci\u00f3n de los contenidos, los equipos inform\u00e1ticos o los documentos, archivos y toda clase de contenidos almacenados en cualquier equipo inform\u00e1tico propio o contratado por <strong>Blog by Javier Cach\u00f3n Garrido<\/strong>, from another <strong>User<\/strong> or any Internet user (hardware and software).<\/p>\n\n<p>He <strong>User<\/strong> is obliged and undertakes not to transmit, disseminate or make available to third parties any kind of material contained in <strong>javiercachon.com<\/strong>, tales como informaciones, textos, datos, contenidos, mensajes, gr\u00e1ficos, dibujos, archivos de sonido o imagen, fotograf\u00edas, grabaciones, software, logotipos, marcas, iconos, tecnolog\u00eda, enlaces, dise\u00f1o gr\u00e1fico y c\u00f3digos fuente, o cualquier otro material al que tuviera acceso en su condici\u00f3n de <strong>User<\/strong> of <strong>javiercachon.com<\/strong>, without this enumeration being limiting. Likewise, in accordance with all of this, the <strong>User<\/strong> may not:<\/p>\n<ul>\n<li>Reproducir, copiar, distribuir, poner a disposici\u00f3n o de cualquier otra forma comunicar p\u00fablicamente, transformar o modificar los contenidos, a menos que se cuente con la autorizaci\u00f3n escrita y expl\u00edcita de <strong>Blog by Javier Cach\u00f3n Garrido<\/strong>, que es titular de los derechos correspondientes, o bien que ello resulte legalmente permitido.<\/li>\n<li>Delete, manipulate or in any way alter the \u201ccopyright\u201d and other identifying data of the reservation of rights of <strong>Blog by Javier Cach\u00f3n Garrido<\/strong> o de sus titulares, de las huellas o identificadores digitales, marcas de agua, o de cualesquiera otros medios t\u00e9cnicos establecidos para su reconocimiento.<\/li>\n<\/ul>\n<p>He <strong>User<\/strong> deber\u00e1 abstenerse de obtener e incluso de intentar obtener los contenidos empleando para ello medios o procedimientos distintos de los que, seg\u00fan los casos, se hayan puesto a su disposici\u00f3n a este efecto, o se hayan indicado a este efecto en las p\u00e1ginas web donde se encuentren los contenidos o, en general, de los que se empleen habitualmente en Internet a este efecto siempre que no entra\u00f1en un riesgo de da\u00f1o o inutilizaci\u00f3n de <strong>javiercachon.com<\/strong>, o de los contenidos.<\/p>\n<h3>INTELLECTUAL PROPERTY<\/h3>\n<p>All trademarks, trade names or distinctive signs of any kind that appear in <strong>javiercachon.com<\/strong> are property of <strong>Blog by Javier Cach\u00f3n Garrido<\/strong> o, en su caso, de sus respectivos propietarios, sin que pueda entenderse que el uso o acceso al Portal o a los contenidos atribuya al <strong>User<\/strong> derecho alguno sobre las citadas marcas, nombres comerciales o signos distintivos y sin que puedan entenderse cedidos al <strong>User<\/strong> ninguno de los derechos de explotaci\u00f3n que existen o puedan existir sobre dichos contenidos. De igual modo, los contenidos son propiedad intelectual de <strong>Blog by Javier Cach\u00f3n Garrido<\/strong> o de terceros en su caso, por tanto, los derechos de propiedad intelectual son titularidad de <strong>Blog by Javier Cach\u00f3n Garrido<\/strong> o de terceros que han autorizado su uso, a quienes corresponde el ejercicio exclusivo de los derechos de explotaci\u00f3n de los mismos en cualquier forma y, en especial, los derechos de reproducci\u00f3n, distribuci\u00f3n, comunicaci\u00f3n p\u00fablica y transformaci\u00f3n. La utilizaci\u00f3n no autorizada de la informaci\u00f3n contenida en este sitio web, as\u00ed como la lesi\u00f3n de los derechos de propiedad intelectual o industrial de <strong>Blog by Javier Cach\u00f3n Garrido<\/strong> or third parties included in <strong>javiercachon.com<\/strong> que hayan cedido contenidos, dar\u00e1 lugar a las responsabilidades legalmente establecidas.<\/p>\n<h3>AVAILABILITY OF JAVIERCACHON.COM<\/h3>\n<p><strong>Blog by Javier Cach\u00f3n Garrido<\/strong> does not guarantee the absence of interruptions or errors in access to <strong>javiercachon.com<\/strong> o a sus contenidos ni que estos se encuentren actualizados, aunque desarrollar\u00e1 sus mejores esfuerzos para, en su caso, evitarlos, subsanarlos o actualizarlos. Por consiguiente, <strong>Blog by Javier Cach\u00f3n Garrido<\/strong> is not responsible for any damages or losses of any kind caused in the <strong>User<\/strong> que traigan causa de fallos o desconexiones en las redes de telecomunicaciones que produzcan la suspensi\u00f3n, cancelaci\u00f3n o interrupci\u00f3n del servicio del portal durante la prestaci\u00f3n del servicio o con car\u00e1cter previo.<\/p>\n\n<p><strong>Blog by Javier Cach\u00f3n Garrido<\/strong> excludes, with the exceptions contemplated in current legislation, any liability for damages of any kind that may be due to the lack of availability, continuity or quality of the operation of <strong>javiercachon.com<\/strong> y de los contenidos, por el incumplimiento de la expectativa de utilidad que el <strong>User<\/strong> could have attributed to <strong>javiercachon.com<\/strong> y a los contenidos.<\/p>\n\n<p>La funci\u00f3n de los hiperenlaces que aparecen en este sitio web es exclusivamente la de informar al <strong>User<\/strong> acerca de la existencia de otros sitios web que contienen informaci\u00f3n sobre la materia. Dichos hiperenlaces no constituyen sugerencia ni recomendaci\u00f3n alguna.<\/p>\n\n<p><strong>Blog by Javier Cach\u00f3n Garrido<\/strong> no se hace responsable de los contenidos de las p\u00e1ginas enlazadas, del funcionamiento o utilidad de los hiperenlaces ni del resultado de los mismos, ni garantiza la ausencia de virus u otros elementos en los mismos que puedan producir alteraciones en el sistema inform\u00e1tico (hardware y software), los documentos o los ficheros del <strong>User<\/strong>, excluding any liability for damages of any kind caused to the <strong>User<\/strong> for this reason.<\/p>\n\n<p>Access to <strong>javiercachon.com<\/strong> does not imply any obligation on the part of <strong>Blog by Javier Cach\u00f3n Garrido<\/strong> to control the absence of viruses, worms or any other harmful computer elements. It is the responsibility of the <strong>User<\/strong>, en todo caso, la disponibilidad de herramientas adecuadas para la detecci\u00f3n y desinfecci\u00f3n de programas inform\u00e1ticos da\u00f1inos. Por lo tanto, <strong>Blog by Javier Cach\u00f3n Garrido<\/strong> is not responsible for any possible security errors that may occur during the provision of the service. <strong>javiercachon.com<\/strong>, nor of any possible damage that may be caused to the computer system of the <strong>User<\/strong> o de terceros (hardware y software), as\u00ed como a los ficheros o documentos almacenados en dicho sistema, como consecuencia de la presencia de virus en el ordenador del <strong>User<\/strong> utilizado para la conexi\u00f3n a los servicios y contenidos de la web, de un mal funcionamiento del navegador o del uso de versiones no actualizadas del mismo.<\/p>\n\n<p>The provision of the service of <strong>javiercachon.com<\/strong> y de los contenidos tiene, en principio, duraci\u00f3n indefinida. No obstante, <strong>Blog by Javier Cach\u00f3n Garrido<\/strong> queda autorizado para dar por terminada o suspender la prestaci\u00f3n del servicio de <strong>javiercachon.com<\/strong> o de cualquiera de los contenidos en cualquier momento. Cuando ello sea razonablemente posible, <strong>Blog by Javier Cach\u00f3n Garrido<\/strong> will give prior notice of the termination or suspension of <strong>javiercachon.com<\/strong>.<\/p>\n<h3>QUALITY OF JAVIERCACHON.COM<\/h3>\n<p>Given the dynamic and changing environment of information and services provided through <strong>javiercachon.com<\/strong>, <strong>Blog by Javier Cach\u00f3n Garrido<\/strong> realiza su mejor esfuerzo, pero no garantiza la completa veracidad, exactitud, fiabilidad, utilidad o actualidad de los contenidos. La informaci\u00f3n contenida en las p\u00e1ginas que componen este portal solo tiene car\u00e1cter informativo, consultivo, divulgativo y publicitario. En ning\u00fan caso ofrece ni tiene car\u00e1cter de compromiso vinculante o contractual.<\/p>\n<h3>LIMITATION OF LIABILITY<\/h3>\n<p><strong>Blog by Javier Cach\u00f3n Garrido<\/strong> excludes all liability for decisions made by the <strong>User<\/strong> pueda tomar basadas en esta informaci\u00f3n, as\u00ed como por los posibles errores tipogr\u00e1ficos que puedan contener los documentos y elementos gr\u00e1ficos de <strong>javiercachon.com<\/strong>. La informaci\u00f3n est\u00e1 sometida a posibles cambios peri\u00f3dicos sin previo aviso por ampliaci\u00f3n, mejora, correcci\u00f3n o actualizaci\u00f3n de los contenidos.<\/p>\n<h3>NOTIFICATIONS<\/h3>\n<p>Todas las notificaciones y comunicaciones de <strong>Blog by Javier Cach\u00f3n Garrido<\/strong> to the <strong>User<\/strong> realizadas por cualquier medio se considerar\u00e1n eficaces a todos los efectos.<\/p>\n<h3>JURISDICTION<\/h3>\n<p>Para cuantas cuestiones se susciten sobre la interpretaci\u00f3n, aplicaci\u00f3n y cumplimiento de este Aviso Legal, as\u00ed como de las reclamaciones que puedan derivarse de su uso, todas las partes intervinientes se someten a los Jueces y Tribunales de la provincia de Comunidad de Madrid, renunciando de forma expresa a cualquier otro fuero que pudiera corresponderles.<\/p>\n<h3>APPLICABLE LEGISLATION<\/h3>\n<p>This Legal Notice is governed by current Spanish regulations.<\/p>\n\n\r\n<div style='text-align:center' class='yasr-auto-insert-overall'><\/div><div style='text-align:center' class='yasr-auto-insert-visitor'><\/div>","protected":false},"excerpt":{"rendered":"","protected":false},"author":1,"featured_media":0,"parent":0,"menu_order":0,"comment_status":"closed","ping_status":"closed","template":"","meta":{"_monsterinsights_skip_tracking":false,"_monsterinsights_sitenote_active":false,"_monsterinsights_sitenote_note":"","_monsterinsights_sitenote_category":0,"site-sidebar-layout":"default","site-content-layout":"","ast-site-content-layout":"default","site-content-style":"default","site-sidebar-style":"default","ast-global-header-display":"","ast-banner-title-visibility":"","ast-main-header-display":"","ast-hfb-above-header-display":"","ast-hfb-below-header-display":"","ast-hfb-mobile-header-display":"","site-post-title":"","ast-breadcrumbs-content":"","ast-featured-img":"","footer-sml-layout":"","ast-disable-related-posts":"","theme-transparent-header-meta":"","adv-header-id-meta":"","stick-header-meta":"","header-above-stick-meta":"","header-main-stick-meta":"","header-below-stick-meta":"","astra-migrate-meta-layouts":"default","ast-page-background-enabled":"default","ast-page-background-meta":{"desktop":{"background-color":"var(--ast-global-color-4)","background-image":"","background-repeat":"repeat","background-position":"center center","background-size":"auto","background-attachment":"scroll","background-type":"","background-media":"","overlay-type":"","overlay-color":"","overlay-opacity":"","overlay-gradient":""},"tablet":{"background-color":"","background-image":"","background-repeat":"repeat","background-position":"center center","background-size":"auto","background-attachment":"scroll","background-type":"","background-media":"","overlay-type":"","overlay-color":"","overlay-opacity":"","overlay-gradient":""},"mobile":{"background-color":"","background-image":"","background-repeat":"repeat","background-position":"center center","background-size":"auto","background-attachment":"scroll","background-type":"","background-media":"","overlay-type":"","overlay-color":"","overlay-opacity":"","overlay-gradient":""}},"ast-content-background-meta":{"desktop":{"background-color":"var(--ast-global-color-5)","background-image":"","background-repeat":"repeat","background-position":"center center","background-size":"auto","background-attachment":"scroll","background-type":"","background-media":"","overlay-type":"","overlay-color":"","overlay-opacity":"","overlay-gradient":""},"tablet":{"background-color":"var(--ast-global-color-5)","background-image":"","background-repeat":"repeat","background-position":"center center","background-size":"auto","background-attachment":"scroll","background-type":"","background-media":"","overlay-type":"","overlay-color":"","overlay-opacity":"","overlay-gradient":""},"mobile":{"background-color":"var(--ast-global-color-5)","background-image":"","background-repeat":"repeat","background-position":"center center","background-size":"auto","background-attachment":"scroll","background-type":"","background-media":"","overlay-type":"","overlay-color":"","overlay-opacity":"","overlay-gradient":""}},"jetpack_post_was_ever_published":false,"yasr_overall_rating":0,"yasr_post_is_review":"","yasr_auto_insert_disabled":"","yasr_review_type":"","footnotes":""},"class_list":["post-2373","page","type-page","status-publish","hentry"],"yoast_head":"<!-- This site is optimized with the Yoast SEO plugin v27.5 - https:\/\/yoast.com\/product\/yoast-seo-wordpress\/ -->\n<title>Aviso Legal de Javier Cach\u00f3n: Informaci\u00f3n Importante<\/title>\n<meta name=\"description\" content=\"Conozca el aviso legal de javiercachon.com y su importancia para la protecci\u00f3n del usuario y la legalidad de nuestros servicios.\" \/>\n<meta name=\"robots\" content=\"index, follow, max-snippet:-1, max-image-preview:large, max-video-preview:-1\" \/>\n<link rel=\"canonical\" href=\"https:\/\/javiercachon.com\/en\/aviso-legal\/\" \/>\n<meta property=\"og:locale\" content=\"en_US\" \/>\n<meta property=\"og:type\" content=\"article\" \/>\n<meta property=\"og:title\" content=\"Aviso Legal de Javier Cach\u00f3n: Informaci\u00f3n Importante\" \/>\n<meta property=\"og:description\" content=\"Conozca el aviso legal de javiercachon.com y su importancia para la protecci\u00f3n del usuario y la legalidad de nuestros servicios.\" \/>\n<meta property=\"og:url\" content=\"https:\/\/javiercachon.com\/en\/aviso-legal\/\" \/>\n<meta property=\"og:site_name\" content=\"javiercachon.com\" \/>\n<meta property=\"article:publisher\" content=\"https:\/\/www.facebook.com\/javiercachon82\" \/>\n<meta property=\"article:modified_time\" content=\"2024-11-10T22:20:49+00:00\" \/>\n<meta property=\"og:image\" content=\"https:\/\/javiercachon.com\/wp-content\/uploads\/2024\/11\/Montanas-JC-logo-azul.jpg\" \/>\n\t<meta property=\"og:image:width\" content=\"250\" \/>\n\t<meta property=\"og:image:height\" content=\"34\" \/>\n\t<meta property=\"og:image:type\" content=\"image\/jpeg\" \/>\n<meta name=\"twitter:card\" content=\"summary_large_image\" \/>\n<meta name=\"twitter:site\" content=\"@udegeek\" \/>\n<script type=\"application\/ld+json\" class=\"yoast-schema-graph\">{\"@context\":\"https:\\\/\\\/schema.org\",\"@graph\":[{\"@type\":\"WebPage\",\"@id\":\"https:\\\/\\\/javiercachon.com\\\/aviso-legal\\\/\",\"url\":\"https:\\\/\\\/javiercachon.com\\\/aviso-legal\\\/\",\"name\":\"Aviso Legal de Javier Cach\u00f3n: Informaci\u00f3n Importante\",\"isPartOf\":{\"@id\":\"https:\\\/\\\/javiercachon.com\\\/es\\\/#website\"},\"datePublished\":\"2024-04-26T11:34:34+00:00\",\"dateModified\":\"2024-11-10T22:20:49+00:00\",\"description\":\"Conozca el aviso legal de javiercachon.com y su importancia para la protecci\u00f3n del usuario y la legalidad de nuestros servicios.\",\"breadcrumb\":{\"@id\":\"https:\\\/\\\/javiercachon.com\\\/aviso-legal\\\/#breadcrumb\"},\"inLanguage\":\"en-US\",\"potentialAction\":[{\"@type\":\"ReadAction\",\"target\":[\"https:\\\/\\\/javiercachon.com\\\/aviso-legal\\\/\"]}]},{\"@type\":\"BreadcrumbList\",\"@id\":\"https:\\\/\\\/javiercachon.com\\\/aviso-legal\\\/#breadcrumb\",\"itemListElement\":[{\"@type\":\"ListItem\",\"position\":1,\"name\":\"inicio\",\"item\":\"https:\\\/\\\/javiercachon.com\\\/\"},{\"@type\":\"ListItem\",\"position\":2,\"name\":\"Aviso legal\"}]},{\"@type\":\"WebSite\",\"@id\":\"https:\\\/\\\/javiercachon.com\\\/es\\\/#website\",\"url\":\"https:\\\/\\\/javiercachon.com\\\/es\\\/\",\"name\":\"javiercachon.com\",\"description\":\"es una plataforma educativa revolucionaria que busca democratizar el acceso al conocimiento en inform\u00e1tica.\",\"publisher\":{\"@id\":\"https:\\\/\\\/javiercachon.com\\\/es\\\/#\\\/schema\\\/person\\\/56ea56e1350676921cc43a3bcfd6c997\"},\"alternateName\":\"javiercachon.com\",\"potentialAction\":[{\"@type\":\"SearchAction\",\"target\":{\"@type\":\"EntryPoint\",\"urlTemplate\":\"https:\\\/\\\/javiercachon.com\\\/es\\\/?s={search_term_string}\"},\"query-input\":{\"@type\":\"PropertyValueSpecification\",\"valueRequired\":true,\"valueName\":\"search_term_string\"}}],\"inLanguage\":\"en-US\"},{\"@type\":[\"Person\",\"Organization\"],\"@id\":\"https:\\\/\\\/javiercachon.com\\\/es\\\/#\\\/schema\\\/person\\\/56ea56e1350676921cc43a3bcfd6c997\",\"name\":\"Javier Cach\u00f3n Garrido\",\"image\":{\"@type\":\"ImageObject\",\"inLanguage\":\"en-US\",\"@id\":\"https:\\\/\\\/javiercachon.com\\\/wp-content\\\/uploads\\\/2024\\\/11\\\/Montanas-JC-logo-azul.jpg\",\"url\":\"https:\\\/\\\/javiercachon.com\\\/wp-content\\\/uploads\\\/2024\\\/11\\\/Montanas-JC-logo-azul.jpg\",\"contentUrl\":\"https:\\\/\\\/javiercachon.com\\\/wp-content\\\/uploads\\\/2024\\\/11\\\/Montanas-JC-logo-azul.jpg\",\"width\":250,\"height\":34,\"caption\":\"Javier Cach\u00f3n Garrido\"},\"logo\":{\"@id\":\"https:\\\/\\\/javiercachon.com\\\/wp-content\\\/uploads\\\/2024\\\/11\\\/Montanas-JC-logo-azul.jpg\"},\"description\":\"Javier Cach\u00f3n Garrido es un experto en inform\u00e1tica, apasionado por el c\u00f3digo abierto y la educaci\u00f3n tecnol\u00f3gica. Como fundador de JavierCachon.com, impulsa la formaci\u00f3n en GNU\\\/Linux y software libre, promoviendo el aprendizaje accesible y colaborativo. Su misi\u00f3n es democratizar el conocimiento en TI, ofreciendo recursos gratuitos y de calidad para profesionales y entusiastas del sector. Es un profeta y predicador que evangeliza la tecnolog\u00eda, la inform\u00e1tica y telecomunicaciones, acomp\u00e1\u00f1ale en su aventura y pasi\u00f3n por los sistemas operativos abiertos GNU\\\/Linux.\",\"sameAs\":[\"https:\\\/\\\/javiercachon.com\\\/\",\"https:\\\/\\\/www.facebook.com\\\/javiercachon82\",\"https:\\\/\\\/www.instagram.com\\\/edugeek\\\/\",\"https:\\\/\\\/www.linkedin.com\\\/in\\\/javiercachongarrido\\\/\",\"https:\\\/\\\/x.com\\\/https:\\\/\\\/x.com\\\/udegeek\",\"https:\\\/\\\/www.youtube.com\\\/@edugeek\",\"https:\\\/\\\/wiki.javiercachon.com\\\/wiki\\\/index.php\\\/Usuario:Ojosdegato\"]},false]}<\/script>\n<!-- \/ Yoast SEO plugin. -->","yoast_head_json":{"title":"Aviso Legal de Javier Cach\u00f3n: Informaci\u00f3n Importante","description":"Conozca el aviso legal de javiercachon.com y su importancia para la protecci\u00f3n del usuario y la legalidad de nuestros servicios.","robots":{"index":"index","follow":"follow","max-snippet":"max-snippet:-1","max-image-preview":"max-image-preview:large","max-video-preview":"max-video-preview:-1"},"canonical":"https:\/\/javiercachon.com\/en\/aviso-legal\/","og_locale":"en_US","og_type":"article","og_title":"Aviso Legal de Javier Cach\u00f3n: Informaci\u00f3n Importante","og_description":"Conozca el aviso legal de javiercachon.com y su importancia para la protecci\u00f3n del usuario y la legalidad de nuestros servicios.","og_url":"https:\/\/javiercachon.com\/en\/aviso-legal\/","og_site_name":"javiercachon.com","article_publisher":"https:\/\/www.facebook.com\/javiercachon82","article_modified_time":"2024-11-10T22:20:49+00:00","og_image":[{"width":250,"height":34,"url":"https:\/\/javiercachon.com\/wp-content\/uploads\/2024\/11\/Montanas-JC-logo-azul.jpg","type":"image\/jpeg"}],"twitter_card":"summary_large_image","twitter_site":"@udegeek","schema":{"@context":"https:\/\/schema.org","@graph":[{"@type":"WebPage","@id":"https:\/\/javiercachon.com\/aviso-legal\/","url":"https:\/\/javiercachon.com\/aviso-legal\/","name":"Aviso Legal de Javier Cach\u00f3n: Informaci\u00f3n Importante","isPartOf":{"@id":"https:\/\/javiercachon.com\/es\/#website"},"datePublished":"2024-04-26T11:34:34+00:00","dateModified":"2024-11-10T22:20:49+00:00","description":"Conozca el aviso legal de javiercachon.com y su importancia para la protecci\u00f3n del usuario y la legalidad de nuestros servicios.","breadcrumb":{"@id":"https:\/\/javiercachon.com\/aviso-legal\/#breadcrumb"},"inLanguage":"en-US","potentialAction":[{"@type":"ReadAction","target":["https:\/\/javiercachon.com\/aviso-legal\/"]}]},{"@type":"BreadcrumbList","@id":"https:\/\/javiercachon.com\/aviso-legal\/#breadcrumb","itemListElement":[{"@type":"ListItem","position":1,"name":"inicio","item":"https:\/\/javiercachon.com\/"},{"@type":"ListItem","position":2,"name":"Aviso legal"}]},{"@type":"WebSite","@id":"https:\/\/javiercachon.com\/es\/#website","url":"https:\/\/javiercachon.com\/es\/","name":"javiercachon.com","description":"It is a revolutionary educational platform that seeks to democratize access to computer science knowledge.","publisher":{"@id":"https:\/\/javiercachon.com\/es\/#\/schema\/person\/56ea56e1350676921cc43a3bcfd6c997"},"alternateName":"javiercachon.com","potentialAction":[{"@type":"SearchAction","target":{"@type":"EntryPoint","urlTemplate":"https:\/\/javiercachon.com\/es\/?s={search_term_string}"},"query-input":{"@type":"PropertyValueSpecification","valueRequired":true,"valueName":"search_term_string"}}],"inLanguage":"en-US"},{"@type":["Person","Organization"],"@id":"https:\/\/javiercachon.com\/es\/#\/schema\/person\/56ea56e1350676921cc43a3bcfd6c997","name":"Javier Cach\u00f3n Garrido","image":{"@type":"ImageObject","inLanguage":"en-US","@id":"https:\/\/javiercachon.com\/wp-content\/uploads\/2024\/11\/Montanas-JC-logo-azul.jpg","url":"https:\/\/javiercachon.com\/wp-content\/uploads\/2024\/11\/Montanas-JC-logo-azul.jpg","contentUrl":"https:\/\/javiercachon.com\/wp-content\/uploads\/2024\/11\/Montanas-JC-logo-azul.jpg","width":250,"height":34,"caption":"Javier Cach\u00f3n Garrido"},"logo":{"@id":"https:\/\/javiercachon.com\/wp-content\/uploads\/2024\/11\/Montanas-JC-logo-azul.jpg"},"description":"Javier Cach\u00f3n Garrido es un experto en inform\u00e1tica, apasionado por el c\u00f3digo abierto y la educaci\u00f3n tecnol\u00f3gica. Como fundador de JavierCachon.com, impulsa la formaci\u00f3n en GNU\/Linux y software libre, promoviendo el aprendizaje accesible y colaborativo. Su misi\u00f3n es democratizar el conocimiento en TI, ofreciendo recursos gratuitos y de calidad para profesionales y entusiastas del sector. Es un profeta y predicador que evangeliza la tecnolog\u00eda, la inform\u00e1tica y telecomunicaciones, acomp\u00e1\u00f1ale en su aventura y pasi\u00f3n por los sistemas operativos abiertos GNU\/Linux.","sameAs":["https:\/\/javiercachon.com\/","https:\/\/www.facebook.com\/javiercachon82","https:\/\/www.instagram.com\/edugeek\/","https:\/\/www.linkedin.com\/in\/javiercachongarrido\/","https:\/\/x.com\/https:\/\/x.com\/udegeek","https:\/\/www.youtube.com\/@edugeek","https:\/\/wiki.javiercachon.com\/wiki\/index.php\/Usuario:Ojosdegato"]},false]}},"yasr_visitor_votes":{"stars_attributes":{"read_only":false,"span_bottom":false},"number_of_votes":0,"sum_votes":0},"jetpack_likes_enabled":true,"jetpack_sharing_enabled":true,"_links":{"self":[{"href":"https:\/\/javiercachon.com\/en\/wp-json\/wp\/v2\/pages\/2373","targetHints":{"allow":["GET"]}}],"collection":[{"href":"https:\/\/javiercachon.com\/en\/wp-json\/wp\/v2\/pages"}],"about":[{"href":"https:\/\/javiercachon.com\/en\/wp-json\/wp\/v2\/types\/page"}],"author":[{"embeddable":true,"href":"https:\/\/javiercachon.com\/en\/wp-json\/wp\/v2\/users\/1"}],"replies":[{"embeddable":true,"href":"https:\/\/javiercachon.com\/en\/wp-json\/wp\/v2\/comments?post=2373"}],"version-history":[{"count":0,"href":"https:\/\/javiercachon.com\/en\/wp-json\/wp\/v2\/pages\/2373\/revisions"}],"wp:attachment":[{"href":"https:\/\/javiercachon.com\/en\/wp-json\/wp\/v2\/media?parent=2373"}],"curies":[{"name":"wp","href":"https:\/\/api.w.org\/{rel}","templated":true}]}}