{"id":2374,"date":"2024-04-26T11:34:34","date_gmt":"2024-04-26T11:34:34","guid":{"rendered":"https:\/privacidad\/"},"modified":"2024-11-10T23:26:04","modified_gmt":"2024-11-10T22:26:04","slug":"privacidad","status":"publish","type":"page","link":"https:\/\/javiercachon.com\/en\/privacidad\/","title":{"rendered":"Privacy Policy"},"content":{"rendered":"<h3>INTRODUCTION<\/h3>\n<p>At Javier Cach\u00f3n Garrido&#039;s Blog, we are sensitive to the needs of Internet users and conscious of the importance of maintaining the strictest privacy of the personal information they entrust to us. We include this privacy statement so that you are aware of our policy for processing the personal data we collect from our visitors and users.<\/p><p>As a user, you accept these terms and conditions by simply reading, viewing, or browsing the site. If you do not accept them, you must leave the site without using it or its content, or accessing any linked pages.<\/p>\n<h3 id='responsable'>DATA CONTROLLER<\/h3>\n<p>The owner of the site and responsible for data processing is Javier Cach\u00f3n Garrido, with DNI 02666616L, to contact you can use the email address <a href=\"mailto:&#105;nfo&#64;%6aa&#118;%69%65r%63&#97;ch%6fn.%63o%6d\">info@javiercachon.com<\/a>, el tel\u00e9fono 717709151 o correo postal a , c\u00f3digo postal 28470 de Cercedilla, Comunidad de Madrid.<\/p>\n<h3 id='finalidad'>PURPOSE OF DATA PROCESSING<\/h3>\n<p>On our websites, there are specific sections where you can enter your information to receive updates about our website and some of the programs we distribute. We assure you that the information you provide will be treated with complete confidentiality.<\/p><p>Contact form: Mantener el contacto contigo u otras acciones obligatorias.<\/p>\n<p>Newsletter suscription: Enviar boletines a tu direcci\u00f3n de correo electr\u00f3nico.<\/p>\n<p>Site suscription form: Inform you by e-mail of new posts in the site.<\/p>\n<p>The data will be stored as long as it is intended to be used for the purpose for which it was collected.<\/p><p>No automated decision-making is carried out with your data.<\/p><p class=\"translation-block\">The website may use cookies, see our <a href=\"https:\/\/\/en\/cookies\/\" target=\"_self\">cookie policy<\/a>.<\/p>\n<h3 id='legitimacion'>LEGITIMATION OF DATA PROCESSING<\/h3>\n<p>We use your data because you give us your consent to use the data you provide in the forms for the specific purpose indicated in each form. Your data is only necessary for the specific purposes for which it is requested. If you do not provide it, these services are not possible.<\/p>\n<h3 id='transferencia'>DATA TRANSFERS AND ASSIGNMENTS<\/h3>\n<p>We are firmly committed to ensuring that the data you provide to the Javier Cach\u00f3n Garrido Blog will not be sold or transferred to third parties without your prior consent under any circumstances, except with express consent or legal obligation.<\/p><p class=\"translation-block\">Los datos incorporados en el formulario de comentarios, ser\u00e1n tratados por Automattic Inc., con domicilio en EEUU con la finalidad de filtrar el spam en los comentarios. Puede consultar la <a href=\"https:\/\/automattic.com\/privacy-notice\/\" target=\"_self\">pol\u00edtica de privacidad de Automattic Inc.<\/a>.<\/p><p class=\"translation-block\">The data included in the contact form will be processed by Automattic Inc., domiciled in the U.S. for the purpose of filtering spam messages. Puede consultar la <a href=\"https:\/\/automattic.com\/privacy-notice\/\" target=\"_self\">pol\u00edtica de privacidad de Automattic Inc.<\/a>.<\/p><p>Form to subscribe to the site by e-mail will be processed by Automattic Inc., with quarters in the US with the purpose to provide that service. You may examine the <a href=\"https:\/\/translate.google.com\/translate?hl=en_US&sl=en&tl=en_US&u=https%3A%2F%2Fautomattic.com%2Fes%2Fprivacy%2F\">privacy policy of Automattic Inc.<\/a>.<\/p><p>Our website contains links to third-party websites. Javier Cach\u00f3n Garrido&#039;s Blog is not responsible for the privacy policies and practices of these other sites.<\/p>\n<h3 id='derechos'>RIGHTS OF INTERESTED PARTIES<\/h3>\n<p>You have the right to access the information stored about you in our databases, rectify it if there are any errors, delete it, limit it, object to its processing, and withdraw your consent if you wish. To do so, simply send an email to the following address: <a href=\"mailto:&#105;&#110;fo&#64;&#106;a%76&#105;e&#114;&#99;%61&#99;%68o&#110;%2e&#99;&#111;&#109;\">info@javiercachon.com<\/a> where we will gladly answer any questions, comments, or clarifications you may require.<\/p><p>For more information on related topics, the reference site on the Spanish Internet is the <a href=\"https:\/\/www.agpd.es\/\">Data Protection Agency<\/a>, where you have the right to complain.<\/p>\n\n\r\n<div style='text-align:center' class='yasr-auto-insert-overall'><\/div><div style='text-align:center' class='yasr-auto-insert-visitor'><\/div>","protected":false},"excerpt":{"rendered":"","protected":false},"author":1,"featured_media":0,"parent":0,"menu_order":0,"comment_status":"closed","ping_status":"closed","template":"","meta":{"_monsterinsights_skip_tracking":false,"_monsterinsights_sitenote_active":false,"_monsterinsights_sitenote_note":"","_monsterinsights_sitenote_category":0,"site-sidebar-layout":"default","site-content-layout":"","ast-site-content-layout":"default","site-content-style":"default","site-sidebar-style":"default","ast-global-header-display":"","ast-banner-title-visibility":"","ast-main-header-display":"","ast-hfb-above-header-display":"","ast-hfb-below-header-display":"","ast-hfb-mobile-header-display":"","site-post-title":"","ast-breadcrumbs-content":"","ast-featured-img":"","footer-sml-layout":"","ast-disable-related-posts":"","theme-transparent-header-meta":"","adv-header-id-meta":"","stick-header-meta":"","header-above-stick-meta":"","header-main-stick-meta":"","header-below-stick-meta":"","astra-migrate-meta-layouts":"default","ast-page-background-enabled":"default","ast-page-background-meta":{"desktop":{"background-color":"var(--ast-global-color-4)","background-image":"","background-repeat":"repeat","background-position":"center center","background-size":"auto","background-attachment":"scroll","background-type":"","background-media":"","overlay-type":"","overlay-color":"","overlay-opacity":"","overlay-gradient":""},"tablet":{"background-color":"","background-image":"","background-repeat":"repeat","background-position":"center center","background-size":"auto","background-attachment":"scroll","background-type":"","background-media":"","overlay-type":"","overlay-color":"","overlay-opacity":"","overlay-gradient":""},"mobile":{"background-color":"","background-image":"","background-repeat":"repeat","background-position":"center center","background-size":"auto","background-attachment":"scroll","background-type":"","background-media":"","overlay-type":"","overlay-color":"","overlay-opacity":"","overlay-gradient":""}},"ast-content-background-meta":{"desktop":{"background-color":"var(--ast-global-color-5)","background-image":"","background-repeat":"repeat","background-position":"center center","background-size":"auto","background-attachment":"scroll","background-type":"","background-media":"","overlay-type":"","overlay-color":"","overlay-opacity":"","overlay-gradient":""},"tablet":{"background-color":"var(--ast-global-color-5)","background-image":"","background-repeat":"repeat","background-position":"center center","background-size":"auto","background-attachment":"scroll","background-type":"","background-media":"","overlay-type":"","overlay-color":"","overlay-opacity":"","overlay-gradient":""},"mobile":{"background-color":"var(--ast-global-color-5)","background-image":"","background-repeat":"repeat","background-position":"center center","background-size":"auto","background-attachment":"scroll","background-type":"","background-media":"","overlay-type":"","overlay-color":"","overlay-opacity":"","overlay-gradient":""}},"jetpack_post_was_ever_published":false,"yasr_overall_rating":0,"yasr_post_is_review":"","yasr_auto_insert_disabled":"","yasr_review_type":"","footnotes":""},"class_list":["post-2374","page","type-page","status-publish","hentry"],"yoast_head":"<!-- This site is optimized with the Yoast SEO plugin v27.5 - https:\/\/yoast.com\/product\/yoast-seo-wordpress\/ -->\n<title>Pol\u00edtica de Privacidad en javiercachon.com<\/title>\n<meta name=\"description\" content=\"Conozca nuestra pol\u00edtica de privacidad y c\u00f3mo protegemos sus datos en javiercachon.com. Su privacidad es nuestra prioridad.\" \/>\n<meta name=\"robots\" content=\"index, follow, max-snippet:-1, max-image-preview:large, max-video-preview:-1\" \/>\n<link rel=\"canonical\" href=\"https:\/\/javiercachon.com\/en\/privacidad\/\" \/>\n<meta property=\"og:locale\" content=\"en_US\" \/>\n<meta property=\"og:type\" content=\"article\" \/>\n<meta property=\"og:title\" content=\"Pol\u00edtica de Privacidad en javiercachon.com\" \/>\n<meta property=\"og:description\" content=\"Conozca nuestra pol\u00edtica de privacidad y c\u00f3mo protegemos sus datos en javiercachon.com. Su privacidad es nuestra prioridad.\" \/>\n<meta property=\"og:url\" content=\"https:\/\/javiercachon.com\/en\/privacidad\/\" \/>\n<meta property=\"og:site_name\" content=\"javiercachon.com\" \/>\n<meta property=\"article:publisher\" content=\"https:\/\/www.facebook.com\/javiercachon82\" \/>\n<meta property=\"article:modified_time\" content=\"2024-11-10T22:26:04+00:00\" \/>\n<meta property=\"og:image\" content=\"https:\/\/javiercachon.com\/wp-content\/uploads\/2024\/11\/Montanas-JC-logo-azul.jpg\" \/>\n\t<meta property=\"og:image:width\" content=\"250\" \/>\n\t<meta property=\"og:image:height\" content=\"34\" \/>\n\t<meta property=\"og:image:type\" content=\"image\/jpeg\" \/>\n<meta name=\"twitter:card\" content=\"summary_large_image\" \/>\n<meta name=\"twitter:site\" content=\"@udegeek\" \/>\n<script type=\"application\/ld+json\" class=\"yoast-schema-graph\">{\"@context\":\"https:\\\/\\\/schema.org\",\"@graph\":[{\"@type\":\"WebPage\",\"@id\":\"https:\\\/\\\/javiercachon.com\\\/privacidad\\\/\",\"url\":\"https:\\\/\\\/javiercachon.com\\\/privacidad\\\/\",\"name\":\"Pol\u00edtica de Privacidad en javiercachon.com\",\"isPartOf\":{\"@id\":\"https:\\\/\\\/javiercachon.com\\\/es\\\/#website\"},\"datePublished\":\"2024-04-26T11:34:34+00:00\",\"dateModified\":\"2024-11-10T22:26:04+00:00\",\"description\":\"Conozca nuestra pol\u00edtica de privacidad y c\u00f3mo protegemos sus datos en javiercachon.com. Su privacidad es nuestra prioridad.\",\"breadcrumb\":{\"@id\":\"https:\\\/\\\/javiercachon.com\\\/privacidad\\\/#breadcrumb\"},\"inLanguage\":\"en-US\",\"potentialAction\":[{\"@type\":\"ReadAction\",\"target\":[\"https:\\\/\\\/javiercachon.com\\\/privacidad\\\/\"]}]},{\"@type\":\"BreadcrumbList\",\"@id\":\"https:\\\/\\\/javiercachon.com\\\/privacidad\\\/#breadcrumb\",\"itemListElement\":[{\"@type\":\"ListItem\",\"position\":1,\"name\":\"inicio\",\"item\":\"https:\\\/\\\/javiercachon.com\\\/\"},{\"@type\":\"ListItem\",\"position\":2,\"name\":\"Pol\u00edtica de privacidad\"}]},{\"@type\":\"WebSite\",\"@id\":\"https:\\\/\\\/javiercachon.com\\\/es\\\/#website\",\"url\":\"https:\\\/\\\/javiercachon.com\\\/es\\\/\",\"name\":\"javiercachon.com\",\"description\":\"es una plataforma educativa revolucionaria que busca democratizar el acceso al conocimiento en inform\u00e1tica.\",\"publisher\":{\"@id\":\"https:\\\/\\\/javiercachon.com\\\/es\\\/#\\\/schema\\\/person\\\/56ea56e1350676921cc43a3bcfd6c997\"},\"alternateName\":\"javiercachon.com\",\"potentialAction\":[{\"@type\":\"SearchAction\",\"target\":{\"@type\":\"EntryPoint\",\"urlTemplate\":\"https:\\\/\\\/javiercachon.com\\\/es\\\/?s={search_term_string}\"},\"query-input\":{\"@type\":\"PropertyValueSpecification\",\"valueRequired\":true,\"valueName\":\"search_term_string\"}}],\"inLanguage\":\"en-US\"},{\"@type\":[\"Person\",\"Organization\"],\"@id\":\"https:\\\/\\\/javiercachon.com\\\/es\\\/#\\\/schema\\\/person\\\/56ea56e1350676921cc43a3bcfd6c997\",\"name\":\"Javier Cach\u00f3n Garrido\",\"image\":{\"@type\":\"ImageObject\",\"inLanguage\":\"en-US\",\"@id\":\"https:\\\/\\\/javiercachon.com\\\/wp-content\\\/uploads\\\/2024\\\/11\\\/Montanas-JC-logo-azul.jpg\",\"url\":\"https:\\\/\\\/javiercachon.com\\\/wp-content\\\/uploads\\\/2024\\\/11\\\/Montanas-JC-logo-azul.jpg\",\"contentUrl\":\"https:\\\/\\\/javiercachon.com\\\/wp-content\\\/uploads\\\/2024\\\/11\\\/Montanas-JC-logo-azul.jpg\",\"width\":250,\"height\":34,\"caption\":\"Javier Cach\u00f3n Garrido\"},\"logo\":{\"@id\":\"https:\\\/\\\/javiercachon.com\\\/wp-content\\\/uploads\\\/2024\\\/11\\\/Montanas-JC-logo-azul.jpg\"},\"description\":\"Javier Cach\u00f3n Garrido es un experto en inform\u00e1tica, apasionado por el c\u00f3digo abierto y la educaci\u00f3n tecnol\u00f3gica. Como fundador de JavierCachon.com, impulsa la formaci\u00f3n en GNU\\\/Linux y software libre, promoviendo el aprendizaje accesible y colaborativo. Su misi\u00f3n es democratizar el conocimiento en TI, ofreciendo recursos gratuitos y de calidad para profesionales y entusiastas del sector. Es un profeta y predicador que evangeliza la tecnolog\u00eda, la inform\u00e1tica y telecomunicaciones, acomp\u00e1\u00f1ale en su aventura y pasi\u00f3n por los sistemas operativos abiertos GNU\\\/Linux.\",\"sameAs\":[\"https:\\\/\\\/javiercachon.com\\\/\",\"https:\\\/\\\/www.facebook.com\\\/javiercachon82\",\"https:\\\/\\\/www.instagram.com\\\/edugeek\\\/\",\"https:\\\/\\\/www.linkedin.com\\\/in\\\/javiercachongarrido\\\/\",\"https:\\\/\\\/x.com\\\/https:\\\/\\\/x.com\\\/udegeek\",\"https:\\\/\\\/www.youtube.com\\\/@edugeek\",\"https:\\\/\\\/wiki.javiercachon.com\\\/wiki\\\/index.php\\\/Usuario:Ojosdegato\"]},false]}<\/script>\n<!-- \/ Yoast SEO plugin. -->","yoast_head_json":{"title":"Pol\u00edtica de Privacidad en javiercachon.com","description":"Conozca nuestra pol\u00edtica de privacidad y c\u00f3mo protegemos sus datos en javiercachon.com. Su privacidad es nuestra prioridad.","robots":{"index":"index","follow":"follow","max-snippet":"max-snippet:-1","max-image-preview":"max-image-preview:large","max-video-preview":"max-video-preview:-1"},"canonical":"https:\/\/javiercachon.com\/en\/privacidad\/","og_locale":"en_US","og_type":"article","og_title":"Pol\u00edtica de Privacidad en javiercachon.com","og_description":"Conozca nuestra pol\u00edtica de privacidad y c\u00f3mo protegemos sus datos en javiercachon.com. Su privacidad es nuestra prioridad.","og_url":"https:\/\/javiercachon.com\/en\/privacidad\/","og_site_name":"javiercachon.com","article_publisher":"https:\/\/www.facebook.com\/javiercachon82","article_modified_time":"2024-11-10T22:26:04+00:00","og_image":[{"width":250,"height":34,"url":"https:\/\/javiercachon.com\/wp-content\/uploads\/2024\/11\/Montanas-JC-logo-azul.jpg","type":"image\/jpeg"}],"twitter_card":"summary_large_image","twitter_site":"@udegeek","schema":{"@context":"https:\/\/schema.org","@graph":[{"@type":"WebPage","@id":"https:\/\/javiercachon.com\/privacidad\/","url":"https:\/\/javiercachon.com\/privacidad\/","name":"Pol\u00edtica de Privacidad en javiercachon.com","isPartOf":{"@id":"https:\/\/javiercachon.com\/es\/#website"},"datePublished":"2024-04-26T11:34:34+00:00","dateModified":"2024-11-10T22:26:04+00:00","description":"Conozca nuestra pol\u00edtica de privacidad y c\u00f3mo protegemos sus datos en javiercachon.com. Su privacidad es nuestra prioridad.","breadcrumb":{"@id":"https:\/\/javiercachon.com\/privacidad\/#breadcrumb"},"inLanguage":"en-US","potentialAction":[{"@type":"ReadAction","target":["https:\/\/javiercachon.com\/privacidad\/"]}]},{"@type":"BreadcrumbList","@id":"https:\/\/javiercachon.com\/privacidad\/#breadcrumb","itemListElement":[{"@type":"ListItem","position":1,"name":"inicio","item":"https:\/\/javiercachon.com\/"},{"@type":"ListItem","position":2,"name":"Pol\u00edtica de privacidad"}]},{"@type":"WebSite","@id":"https:\/\/javiercachon.com\/es\/#website","url":"https:\/\/javiercachon.com\/es\/","name":"javiercachon.com","description":"It is a revolutionary educational platform that seeks to democratize access to computer science knowledge.","publisher":{"@id":"https:\/\/javiercachon.com\/es\/#\/schema\/person\/56ea56e1350676921cc43a3bcfd6c997"},"alternateName":"javiercachon.com","potentialAction":[{"@type":"SearchAction","target":{"@type":"EntryPoint","urlTemplate":"https:\/\/javiercachon.com\/es\/?s={search_term_string}"},"query-input":{"@type":"PropertyValueSpecification","valueRequired":true,"valueName":"search_term_string"}}],"inLanguage":"en-US"},{"@type":["Person","Organization"],"@id":"https:\/\/javiercachon.com\/es\/#\/schema\/person\/56ea56e1350676921cc43a3bcfd6c997","name":"Javier Cach\u00f3n Garrido","image":{"@type":"ImageObject","inLanguage":"en-US","@id":"https:\/\/javiercachon.com\/wp-content\/uploads\/2024\/11\/Montanas-JC-logo-azul.jpg","url":"https:\/\/javiercachon.com\/wp-content\/uploads\/2024\/11\/Montanas-JC-logo-azul.jpg","contentUrl":"https:\/\/javiercachon.com\/wp-content\/uploads\/2024\/11\/Montanas-JC-logo-azul.jpg","width":250,"height":34,"caption":"Javier Cach\u00f3n Garrido"},"logo":{"@id":"https:\/\/javiercachon.com\/wp-content\/uploads\/2024\/11\/Montanas-JC-logo-azul.jpg"},"description":"Javier Cach\u00f3n Garrido es un experto en inform\u00e1tica, apasionado por el c\u00f3digo abierto y la educaci\u00f3n tecnol\u00f3gica. Como fundador de JavierCachon.com, impulsa la formaci\u00f3n en GNU\/Linux y software libre, promoviendo el aprendizaje accesible y colaborativo. Su misi\u00f3n es democratizar el conocimiento en TI, ofreciendo recursos gratuitos y de calidad para profesionales y entusiastas del sector. Es un profeta y predicador que evangeliza la tecnolog\u00eda, la inform\u00e1tica y telecomunicaciones, acomp\u00e1\u00f1ale en su aventura y pasi\u00f3n por los sistemas operativos abiertos GNU\/Linux.","sameAs":["https:\/\/javiercachon.com\/","https:\/\/www.facebook.com\/javiercachon82","https:\/\/www.instagram.com\/edugeek\/","https:\/\/www.linkedin.com\/in\/javiercachongarrido\/","https:\/\/x.com\/https:\/\/x.com\/udegeek","https:\/\/www.youtube.com\/@edugeek","https:\/\/wiki.javiercachon.com\/wiki\/index.php\/Usuario:Ojosdegato"]},false]}},"yasr_visitor_votes":{"stars_attributes":{"read_only":false,"span_bottom":false},"number_of_votes":0,"sum_votes":0},"jetpack_likes_enabled":true,"jetpack_sharing_enabled":true,"_links":{"self":[{"href":"https:\/\/javiercachon.com\/en\/wp-json\/wp\/v2\/pages\/2374","targetHints":{"allow":["GET"]}}],"collection":[{"href":"https:\/\/javiercachon.com\/en\/wp-json\/wp\/v2\/pages"}],"about":[{"href":"https:\/\/javiercachon.com\/en\/wp-json\/wp\/v2\/types\/page"}],"author":[{"embeddable":true,"href":"https:\/\/javiercachon.com\/en\/wp-json\/wp\/v2\/users\/1"}],"replies":[{"embeddable":true,"href":"https:\/\/javiercachon.com\/en\/wp-json\/wp\/v2\/comments?post=2374"}],"version-history":[{"count":0,"href":"https:\/\/javiercachon.com\/en\/wp-json\/wp\/v2\/pages\/2374\/revisions"}],"wp:attachment":[{"href":"https:\/\/javiercachon.com\/en\/wp-json\/wp\/v2\/media?parent=2374"}],"curies":[{"name":"wp","href":"https:\/\/api.w.org\/{rel}","templated":true}]}}