{"id":2375,"date":"2024-04-26T11:34:34","date_gmt":"2024-04-26T11:34:34","guid":{"rendered":"https:\/cookies\/"},"modified":"2024-11-10T23:25:28","modified_gmt":"2024-11-10T22:25:28","slug":"cookies","status":"publish","type":"page","link":"https:\/\/javiercachon.com\/en\/cookies\/","title":{"rendered":"Cookie Policy"},"content":{"rendered":"<h3>This site uses cookies<\/h3>\n<p>En cumplimiento de la Ley 34\/2002 de 11 de julio de Servicios de la Sociedad de la Informaci\u00f3n y de Comercio Electr\u00f3nico (LSSICE), as\u00ed como en el Reglamento (UE) 2016\/679 del Parlamento Europeo y del Consejo, de 27 de abril de 2016 (RGPD), y en la Ley Org\u00e1nica 3\/2018, de Protecci\u00f3n de Datos Personales y garant\u00eda de los derechos digitales (LOPDGDD), te informamos de que este sitio web <strong>Blog by Javier Cach\u00f3n Garrido<\/strong> utiliza cookies y otros dispositivos de almacenamiento y recuperaci\u00f3n de datos.<\/p>\n<p>La normativa citada se aplica a cualquier clase de archivo o dispositivo que se descargue en el equipo terminal de un usuario con la finalidad de almacenar datos que podr\u00e1n ser actualizados y recuperados por la entidad responsable de su instalaci\u00f3n.<\/p>\n<p>Cookies are small text files sent to a browser from a web server to record user activity on a website so that this information can be retrieved later while browsing the different pages connected to the server that installed them.<\/p>\n<p>The <em>cookies<\/em> They usually store technical information, personal preferences, content customization, usage statistics, links to social networks, access to user accounts, etc.<\/p>\n<h3>Types of cookies<\/h3>\n<p>A continuaci\u00f3n, se realiza una clasificaci\u00f3n de las cookies en funci\u00f3n de una serie de categor\u00edas. No obstante, es necesario tener en cuenta que una misma cookie puede estar incluida en m\u00e1s de una categor\u00eda.<\/p><h2>According to the entity that manages them<\/h2>\n<p><\/p><ul>\n\t\t<li><b>Own cookies:<\/b> These are sent to the user&#039;s terminal equipment from a computer or domain managed by the publisher itself and from which the service requested by the user is provided.<\/li>\n\t\t<li><b>Third-party cookies:<\/b> These are cookies that are sent to the user&#039;s terminal equipment from a computer or domain that is not managed by the publisher, but by another entity that processes the data obtained through the cookies.<\/li>\n\t<\/ul><p>If cookies are installed from a computer or domain managed by the publisher itself, but the information collected through them is managed by a third party, they are not considered first-party cookies.<\/p><h2>Depending on the length of time they remain activated<\/h2>\n<p><\/p><ul>\n\t\t<li><b>Session cookies:<\/b> Son un tipo de cookies dise\u00f1adas para recabar y almacenar datos mientras el usuario accede a una p\u00e1gina web. Se suelen emplear para almacenar informaci\u00f3n que solo interesa conservar para la prestaci\u00f3n del servicio solicitado por el usuario en una sola ocasi\u00f3n (por ejemplo: una lista de productos adquiridos).<\/li>\n\t\t<li><b>Persistent cookies:<\/b> These are a type of cookie in which the data remains stored on the device and can be accessed and processed for a period defined by the cookie owner, which can range from a few minutes to several years.<\/li>\n\t<\/ul><h2>According to its purpose<\/h2>\n<p>Depending on the purpose for which the data obtained through cookies are processed, we can distinguish between:<\/p><ul>\n\t\t<li><b>Technical cookies:<\/b> These cookies allow the user to navigate through a website, platform, or application and use the different options or services available therein, such as controlling traffic and data communication, identifying the session, accessing restricted areas, remembering the elements that make up an order, completing the purchase process, requesting registration or participation in an event, using security features while browsing, storing content for the dissemination of videos or audio, or sharing content through social networks.<\/li>\n\t\t<li><b>Personalization cookies:<\/b> Son aquellas que permiten al usuario acceder al servicio con algunas caracter\u00edsticas de car\u00e1cter general predefinidas en funci\u00f3n de una serie de criterios en el terminal del usuario como por ejemplo ser\u00edan el idioma, el tipo de navegador a trav\u00e9s del cual accede al servicio, la configuraci\u00f3n regional desde donde accede al servicio, etc.<\/li>\n\t\t<li><b>Analysis cookies:<\/b> Son aquellas que permiten al responsable de las mismas el seguimiento y an\u00e1lisis del comportamiento de los usuarios de los sitios web a los que est\u00e1n vinculadas. La informaci\u00f3n recogida mediante este tipo de cookies se utiliza en la medici\u00f3n de la actividad de los sitios web, aplicaci\u00f3n o plataforma y para la elaboraci\u00f3n de perfiles de navegaci\u00f3n de los usuarios de dichos sitios, aplicaciones y plataformas, con el fin de introducir mejoras en funci\u00f3n del an\u00e1lisis de los datos de uso que hacen los usuarios del servicio.<\/li>\n\t\t<li><b>Advertising cookies:<\/b> These cookies allow for the most efficient management possible of advertising spaces that the publisher may have included on a website, application, or platform from which the requested service is provided, based on criteria such as the content edited or the frequency with which the ads are displayed.<\/li>\n\t\t<li><b>Behavioral advertising cookies:<\/b> These cookies allow for the most efficient management possible of advertising spaces that, where appropriate, the publisher has included on a website, application, or platform from which the requested service is provided. These cookies store information about user behavior obtained through continuous monitoring of their browsing habits, which allows for the development of a specific profile to display advertising based on that behavior.<\/li>\n\t<\/ul>\n<h3>How to disable cookies in major web browsers<\/h3>\n<p>To configure the use of cookies, follow the instructions for your browser or consult its help:<\/p>\n<ul>\n<li><a href=\"https:\/\/support.apple.com\/es-es\/HT201265\">Safari<\/a><\/li>\n<li><a href=\"https:\/\/support.mozilla.org\/es\/kb\/habilitar-y-deshabilitar-cookies-sitios-web-rastrear-preferencias?redirectlocale=es&redirectslug=habilitar-y-deshabilitar-cookies-que-los-sitios-we\">Firefox<\/a><\/li>\n<li><a href=\"https:\/\/support.google.com\/chrome\/answer\/95647?hl=es-es\">Chrome<\/a><\/li>\n<li><a href=\"https:\/\/www.opera.com\/help\/tutorials\/security\/privacy\/\">Opera<\/a><\/li>\n<li><a href=\"https:\/\/support.microsoft.com\/es-es\/help\/17442\/windows-internet-explorer-delete-manage-cookies\">Internet Explorer<\/a><\/li>\n<li><a href=\"https:\/\/privacy.microsoft.com\/es-es\/windows-10-microsoft-edge-and-privacy\">Edge<\/a><\/li>\n<\/ul>\n<h3>What happens if cookies are not accepted?<\/h3>\n<p>Refusing cookies may prevent access to personalized content and services.<\/p>\n<h3>Updates and modifications to the cookie policy<\/h3>\n<p>Javier Cach\u00f3n Garrido&#039;s Blog may modify this cookie policy based on legislative and regulatory requirements, in order to adapt it to the instructions issued by the Spanish Data Protection Agency, for technical reasons, or due to website reorganization; therefore, we recommend that you visit it periodically.\n<h3>Contact<\/h3>\n<p>To resolve any questions about how we use cookies, please write to us at the following email address: <a href=\"mailto:&#105;%6e&#102;o&#64;&#106;&#97;%76&#105;&#101;&#114;%63ac&#104;%6f&#110;%2ec&#111;&#109;\">info@javiercachon.com<\/a>.\n\n\r\n<div style='text-align:center' class='yasr-auto-insert-overall'><\/div><div style='text-align:center' class='yasr-auto-insert-visitor'><\/div>","protected":false},"excerpt":{"rendered":"","protected":false},"author":1,"featured_media":0,"parent":0,"menu_order":0,"comment_status":"closed","ping_status":"closed","template":"","meta":{"_monsterinsights_skip_tracking":false,"_monsterinsights_sitenote_active":false,"_monsterinsights_sitenote_note":"","_monsterinsights_sitenote_category":0,"site-sidebar-layout":"default","site-content-layout":"","ast-site-content-layout":"default","site-content-style":"default","site-sidebar-style":"default","ast-global-header-display":"","ast-banner-title-visibility":"","ast-main-header-display":"","ast-hfb-above-header-display":"","ast-hfb-below-header-display":"","ast-hfb-mobile-header-display":"","site-post-title":"","ast-breadcrumbs-content":"","ast-featured-img":"","footer-sml-layout":"","ast-disable-related-posts":"","theme-transparent-header-meta":"","adv-header-id-meta":"","stick-header-meta":"","header-above-stick-meta":"","header-main-stick-meta":"","header-below-stick-meta":"","astra-migrate-meta-layouts":"default","ast-page-background-enabled":"default","ast-page-background-meta":{"desktop":{"background-color":"var(--ast-global-color-4)","background-image":"","background-repeat":"repeat","background-position":"center center","background-size":"auto","background-attachment":"scroll","background-type":"","background-media":"","overlay-type":"","overlay-color":"","overlay-opacity":"","overlay-gradient":""},"tablet":{"background-color":"","background-image":"","background-repeat":"repeat","background-position":"center center","background-size":"auto","background-attachment":"scroll","background-type":"","background-media":"","overlay-type":"","overlay-color":"","overlay-opacity":"","overlay-gradient":""},"mobile":{"background-color":"","background-image":"","background-repeat":"repeat","background-position":"center center","background-size":"auto","background-attachment":"scroll","background-type":"","background-media":"","overlay-type":"","overlay-color":"","overlay-opacity":"","overlay-gradient":""}},"ast-content-background-meta":{"desktop":{"background-color":"var(--ast-global-color-5)","background-image":"","background-repeat":"repeat","background-position":"center center","background-size":"auto","background-attachment":"scroll","background-type":"","background-media":"","overlay-type":"","overlay-color":"","overlay-opacity":"","overlay-gradient":""},"tablet":{"background-color":"var(--ast-global-color-5)","background-image":"","background-repeat":"repeat","background-position":"center center","background-size":"auto","background-attachment":"scroll","background-type":"","background-media":"","overlay-type":"","overlay-color":"","overlay-opacity":"","overlay-gradient":""},"mobile":{"background-color":"var(--ast-global-color-5)","background-image":"","background-repeat":"repeat","background-position":"center center","background-size":"auto","background-attachment":"scroll","background-type":"","background-media":"","overlay-type":"","overlay-color":"","overlay-opacity":"","overlay-gradient":""}},"jetpack_post_was_ever_published":false,"yasr_overall_rating":0,"yasr_post_is_review":"","yasr_auto_insert_disabled":"","yasr_review_type":"","footnotes":""},"class_list":["post-2375","page","type-page","status-publish","hentry"],"yoast_head":"<!-- This site is optimized with the Yoast SEO plugin v27.5 - https:\/\/yoast.com\/product\/yoast-seo-wordpress\/ -->\n<title>Pol\u00edtica de Cookies en javiercachon.com: Informaci\u00f3n Clave<\/title>\n<meta name=\"description\" content=\"Conozca nuestra pol\u00edtica de cookies y c\u00f3mo protegemos su privacidad en javiercachon.com. Su seguridad es nuestra prioridad.\" \/>\n<meta name=\"robots\" content=\"index, follow, max-snippet:-1, max-image-preview:large, max-video-preview:-1\" \/>\n<link rel=\"canonical\" href=\"https:\/\/javiercachon.com\/en\/cookies\/\" \/>\n<meta property=\"og:locale\" content=\"en_US\" \/>\n<meta property=\"og:type\" content=\"article\" \/>\n<meta property=\"og:title\" content=\"Pol\u00edtica de Cookies en javiercachon.com: Informaci\u00f3n Clave\" \/>\n<meta property=\"og:description\" content=\"Conozca nuestra pol\u00edtica de cookies y c\u00f3mo protegemos su privacidad en javiercachon.com. Su seguridad es nuestra prioridad.\" \/>\n<meta property=\"og:url\" content=\"https:\/\/javiercachon.com\/en\/cookies\/\" \/>\n<meta property=\"og:site_name\" content=\"javiercachon.com\" \/>\n<meta property=\"article:publisher\" content=\"https:\/\/www.facebook.com\/javiercachon82\" \/>\n<meta property=\"article:modified_time\" content=\"2024-11-10T22:25:28+00:00\" \/>\n<meta property=\"og:image\" content=\"https:\/\/javiercachon.com\/wp-content\/uploads\/2024\/11\/Montanas-JC-logo-azul.jpg\" \/>\n\t<meta property=\"og:image:width\" content=\"250\" \/>\n\t<meta property=\"og:image:height\" content=\"34\" \/>\n\t<meta property=\"og:image:type\" content=\"image\/jpeg\" \/>\n<meta name=\"twitter:card\" content=\"summary_large_image\" \/>\n<meta name=\"twitter:site\" content=\"@udegeek\" \/>\n<script type=\"application\/ld+json\" class=\"yoast-schema-graph\">{\"@context\":\"https:\\\/\\\/schema.org\",\"@graph\":[{\"@type\":\"WebPage\",\"@id\":\"https:\\\/\\\/javiercachon.com\\\/cookies\\\/\",\"url\":\"https:\\\/\\\/javiercachon.com\\\/cookies\\\/\",\"name\":\"Pol\u00edtica de Cookies en javiercachon.com: Informaci\u00f3n Clave\",\"isPartOf\":{\"@id\":\"https:\\\/\\\/javiercachon.com\\\/es\\\/#website\"},\"datePublished\":\"2024-04-26T11:34:34+00:00\",\"dateModified\":\"2024-11-10T22:25:28+00:00\",\"description\":\"Conozca nuestra pol\u00edtica de cookies y c\u00f3mo protegemos su privacidad en javiercachon.com. Su seguridad es nuestra prioridad.\",\"breadcrumb\":{\"@id\":\"https:\\\/\\\/javiercachon.com\\\/cookies\\\/#breadcrumb\"},\"inLanguage\":\"en-US\",\"potentialAction\":[{\"@type\":\"ReadAction\",\"target\":[\"https:\\\/\\\/javiercachon.com\\\/cookies\\\/\"]}]},{\"@type\":\"BreadcrumbList\",\"@id\":\"https:\\\/\\\/javiercachon.com\\\/cookies\\\/#breadcrumb\",\"itemListElement\":[{\"@type\":\"ListItem\",\"position\":1,\"name\":\"inicio\",\"item\":\"https:\\\/\\\/javiercachon.com\\\/\"},{\"@type\":\"ListItem\",\"position\":2,\"name\":\"Pol\u00edtica de cookies\"}]},{\"@type\":\"WebSite\",\"@id\":\"https:\\\/\\\/javiercachon.com\\\/es\\\/#website\",\"url\":\"https:\\\/\\\/javiercachon.com\\\/es\\\/\",\"name\":\"javiercachon.com\",\"description\":\"es una plataforma educativa revolucionaria que busca democratizar el acceso al conocimiento en inform\u00e1tica.\",\"publisher\":{\"@id\":\"https:\\\/\\\/javiercachon.com\\\/es\\\/#\\\/schema\\\/person\\\/56ea56e1350676921cc43a3bcfd6c997\"},\"alternateName\":\"javiercachon.com\",\"potentialAction\":[{\"@type\":\"SearchAction\",\"target\":{\"@type\":\"EntryPoint\",\"urlTemplate\":\"https:\\\/\\\/javiercachon.com\\\/es\\\/?s={search_term_string}\"},\"query-input\":{\"@type\":\"PropertyValueSpecification\",\"valueRequired\":true,\"valueName\":\"search_term_string\"}}],\"inLanguage\":\"en-US\"},{\"@type\":[\"Person\",\"Organization\"],\"@id\":\"https:\\\/\\\/javiercachon.com\\\/es\\\/#\\\/schema\\\/person\\\/56ea56e1350676921cc43a3bcfd6c997\",\"name\":\"Javier Cach\u00f3n Garrido\",\"image\":{\"@type\":\"ImageObject\",\"inLanguage\":\"en-US\",\"@id\":\"https:\\\/\\\/javiercachon.com\\\/wp-content\\\/uploads\\\/2024\\\/11\\\/Montanas-JC-logo-azul.jpg\",\"url\":\"https:\\\/\\\/javiercachon.com\\\/wp-content\\\/uploads\\\/2024\\\/11\\\/Montanas-JC-logo-azul.jpg\",\"contentUrl\":\"https:\\\/\\\/javiercachon.com\\\/wp-content\\\/uploads\\\/2024\\\/11\\\/Montanas-JC-logo-azul.jpg\",\"width\":250,\"height\":34,\"caption\":\"Javier Cach\u00f3n Garrido\"},\"logo\":{\"@id\":\"https:\\\/\\\/javiercachon.com\\\/wp-content\\\/uploads\\\/2024\\\/11\\\/Montanas-JC-logo-azul.jpg\"},\"description\":\"Javier Cach\u00f3n Garrido es un experto en inform\u00e1tica, apasionado por el c\u00f3digo abierto y la educaci\u00f3n tecnol\u00f3gica. Como fundador de JavierCachon.com, impulsa la formaci\u00f3n en GNU\\\/Linux y software libre, promoviendo el aprendizaje accesible y colaborativo. Su misi\u00f3n es democratizar el conocimiento en TI, ofreciendo recursos gratuitos y de calidad para profesionales y entusiastas del sector. Es un profeta y predicador que evangeliza la tecnolog\u00eda, la inform\u00e1tica y telecomunicaciones, acomp\u00e1\u00f1ale en su aventura y pasi\u00f3n por los sistemas operativos abiertos GNU\\\/Linux.\",\"sameAs\":[\"https:\\\/\\\/javiercachon.com\\\/\",\"https:\\\/\\\/www.facebook.com\\\/javiercachon82\",\"https:\\\/\\\/www.instagram.com\\\/edugeek\\\/\",\"https:\\\/\\\/www.linkedin.com\\\/in\\\/javiercachongarrido\\\/\",\"https:\\\/\\\/x.com\\\/https:\\\/\\\/x.com\\\/udegeek\",\"https:\\\/\\\/www.youtube.com\\\/@edugeek\",\"https:\\\/\\\/wiki.javiercachon.com\\\/wiki\\\/index.php\\\/Usuario:Ojosdegato\"]},false]}<\/script>\n<!-- \/ Yoast SEO plugin. -->","yoast_head_json":{"title":"Pol\u00edtica de Cookies en javiercachon.com: Informaci\u00f3n Clave","description":"Conozca nuestra pol\u00edtica de cookies y c\u00f3mo protegemos su privacidad en javiercachon.com. Su seguridad es nuestra prioridad.","robots":{"index":"index","follow":"follow","max-snippet":"max-snippet:-1","max-image-preview":"max-image-preview:large","max-video-preview":"max-video-preview:-1"},"canonical":"https:\/\/javiercachon.com\/en\/cookies\/","og_locale":"en_US","og_type":"article","og_title":"Pol\u00edtica de Cookies en javiercachon.com: Informaci\u00f3n Clave","og_description":"Conozca nuestra pol\u00edtica de cookies y c\u00f3mo protegemos su privacidad en javiercachon.com. Su seguridad es nuestra prioridad.","og_url":"https:\/\/javiercachon.com\/en\/cookies\/","og_site_name":"javiercachon.com","article_publisher":"https:\/\/www.facebook.com\/javiercachon82","article_modified_time":"2024-11-10T22:25:28+00:00","og_image":[{"width":250,"height":34,"url":"https:\/\/javiercachon.com\/wp-content\/uploads\/2024\/11\/Montanas-JC-logo-azul.jpg","type":"image\/jpeg"}],"twitter_card":"summary_large_image","twitter_site":"@udegeek","schema":{"@context":"https:\/\/schema.org","@graph":[{"@type":"WebPage","@id":"https:\/\/javiercachon.com\/cookies\/","url":"https:\/\/javiercachon.com\/cookies\/","name":"Pol\u00edtica de Cookies en javiercachon.com: Informaci\u00f3n Clave","isPartOf":{"@id":"https:\/\/javiercachon.com\/es\/#website"},"datePublished":"2024-04-26T11:34:34+00:00","dateModified":"2024-11-10T22:25:28+00:00","description":"Conozca nuestra pol\u00edtica de cookies y c\u00f3mo protegemos su privacidad en javiercachon.com. Su seguridad es nuestra prioridad.","breadcrumb":{"@id":"https:\/\/javiercachon.com\/cookies\/#breadcrumb"},"inLanguage":"en-US","potentialAction":[{"@type":"ReadAction","target":["https:\/\/javiercachon.com\/cookies\/"]}]},{"@type":"BreadcrumbList","@id":"https:\/\/javiercachon.com\/cookies\/#breadcrumb","itemListElement":[{"@type":"ListItem","position":1,"name":"inicio","item":"https:\/\/javiercachon.com\/"},{"@type":"ListItem","position":2,"name":"Pol\u00edtica de cookies"}]},{"@type":"WebSite","@id":"https:\/\/javiercachon.com\/es\/#website","url":"https:\/\/javiercachon.com\/es\/","name":"javiercachon.com","description":"It is a revolutionary educational platform that seeks to democratize access to computer science knowledge.","publisher":{"@id":"https:\/\/javiercachon.com\/es\/#\/schema\/person\/56ea56e1350676921cc43a3bcfd6c997"},"alternateName":"javiercachon.com","potentialAction":[{"@type":"SearchAction","target":{"@type":"EntryPoint","urlTemplate":"https:\/\/javiercachon.com\/es\/?s={search_term_string}"},"query-input":{"@type":"PropertyValueSpecification","valueRequired":true,"valueName":"search_term_string"}}],"inLanguage":"en-US"},{"@type":["Person","Organization"],"@id":"https:\/\/javiercachon.com\/es\/#\/schema\/person\/56ea56e1350676921cc43a3bcfd6c997","name":"Javier Cach\u00f3n Garrido","image":{"@type":"ImageObject","inLanguage":"en-US","@id":"https:\/\/javiercachon.com\/wp-content\/uploads\/2024\/11\/Montanas-JC-logo-azul.jpg","url":"https:\/\/javiercachon.com\/wp-content\/uploads\/2024\/11\/Montanas-JC-logo-azul.jpg","contentUrl":"https:\/\/javiercachon.com\/wp-content\/uploads\/2024\/11\/Montanas-JC-logo-azul.jpg","width":250,"height":34,"caption":"Javier Cach\u00f3n Garrido"},"logo":{"@id":"https:\/\/javiercachon.com\/wp-content\/uploads\/2024\/11\/Montanas-JC-logo-azul.jpg"},"description":"Javier Cach\u00f3n Garrido es un experto en inform\u00e1tica, apasionado por el c\u00f3digo abierto y la educaci\u00f3n tecnol\u00f3gica. Como fundador de JavierCachon.com, impulsa la formaci\u00f3n en GNU\/Linux y software libre, promoviendo el aprendizaje accesible y colaborativo. Su misi\u00f3n es democratizar el conocimiento en TI, ofreciendo recursos gratuitos y de calidad para profesionales y entusiastas del sector. Es un profeta y predicador que evangeliza la tecnolog\u00eda, la inform\u00e1tica y telecomunicaciones, acomp\u00e1\u00f1ale en su aventura y pasi\u00f3n por los sistemas operativos abiertos GNU\/Linux.","sameAs":["https:\/\/javiercachon.com\/","https:\/\/www.facebook.com\/javiercachon82","https:\/\/www.instagram.com\/edugeek\/","https:\/\/www.linkedin.com\/in\/javiercachongarrido\/","https:\/\/x.com\/https:\/\/x.com\/udegeek","https:\/\/www.youtube.com\/@edugeek","https:\/\/wiki.javiercachon.com\/wiki\/index.php\/Usuario:Ojosdegato"]},false]}},"yasr_visitor_votes":{"stars_attributes":{"read_only":false,"span_bottom":false},"number_of_votes":0,"sum_votes":0},"jetpack_likes_enabled":true,"jetpack_sharing_enabled":true,"_links":{"self":[{"href":"https:\/\/javiercachon.com\/en\/wp-json\/wp\/v2\/pages\/2375","targetHints":{"allow":["GET"]}}],"collection":[{"href":"https:\/\/javiercachon.com\/en\/wp-json\/wp\/v2\/pages"}],"about":[{"href":"https:\/\/javiercachon.com\/en\/wp-json\/wp\/v2\/types\/page"}],"author":[{"embeddable":true,"href":"https:\/\/javiercachon.com\/en\/wp-json\/wp\/v2\/users\/1"}],"replies":[{"embeddable":true,"href":"https:\/\/javiercachon.com\/en\/wp-json\/wp\/v2\/comments?post=2375"}],"version-history":[{"count":0,"href":"https:\/\/javiercachon.com\/en\/wp-json\/wp\/v2\/pages\/2375\/revisions"}],"wp:attachment":[{"href":"https:\/\/javiercachon.com\/en\/wp-json\/wp\/v2\/media?parent=2375"}],"curies":[{"name":"wp","href":"https:\/\/api.w.org\/{rel}","templated":true}]}}