{"id":7913,"date":"2026-05-03T22:35:34","date_gmt":"2026-05-03T20:35:34","guid":{"rendered":"https:\/\/javiercachon.com\/tutor-login\/"},"modified":"2026-05-03T22:35:34","modified_gmt":"2026-05-03T20:35:34","slug":"tutor-login","status":"publish","type":"page","link":"https:\/\/javiercachon.com\/en\/tutor-login\/","title":{"rendered":"Tutor Login"},"content":{"rendered":"\n<div class=\"tutor-wrap tutor-page-wrap post-7913 page type-page status-publish hentry\">\n\t<div class=\"tutor-template-segment tutor-login-wrap\">\n\t\t<div class=\"tutor-login-form-wrapper\">\n\t\t\t<div class=\"tutor-fs-5 tutor-color-black tutor-mb-32\">\n\t\t\t\tHi, Welcome back!\t\t\t<\/div>\n\t\t\t<form id=\"tutor-login-form\" method=\"post\">\n\t\t<input type=\"hidden\" id=\"_tutor_nonce\" name=\"_tutor_nonce\" value=\"f1d55637fb\" \/><input type=\"hidden\" name=\"_wp_http_referer\" value=\"\/en\/wp-json\/wp\/v2\/pages\/7913\" \/>\t<input type=\"hidden\" name=\"tutor_action\" value=\"tutor_user_login\" \/>\n\t<input type=\"hidden\" name=\"redirect_to\" value=\"https:\/\/javiercachon.com\/en\/escritorio\/\" \/>\n\n\t<div class=\"tutor-mb-20\">\n\t\t<input type=\"text\" class=\"tutor-form-control\" placeholder=\"Username or Email Address\" name=\"log\" value=\"\" size=\"20\" required\/>\n\t<\/div>\n\n\t<div class=\"tutor-mb-32\">\n\t\t<input type=\"password\" class=\"tutor-form-control\" placeholder=\"Password\" name=\"pwd\" value=\"\" size=\"20\" required\/>\n\t<\/div>\n\n\t<div class=\"tutor-login-error\" role=\"alert\" aria-live=\"polite\"><\/div>\n\t\t\t<input type=\"hidden\" name=\"timezone\" value=\"Europe\/Madrid\" \/>\n\t\t<script>\n\t\t\tdocument.addEventListener('DOMContentLoaded', function() {\n\t\t\t\tconst timezone = document.querySelector('input[name=\"timezone\"]');\n\t\t\t\tif ( timezone) {\n\t\t\t\t\tconst tz = Intl.DateTimeFormat().resolvedOptions().timeZone;\n\t\t\t\t\ttimezone.value = tz\n\t\t\t\t}\n\t\t\t});\n\t\t<\/script>\n\t\t<input type=\"hidden\" name=\"g-recaptcha-response\" class=\"agr-recaptcha-response\" value=\"\" \/><script>\r\n                function wpcaptcha_captcha(){\r\n                    grecaptcha.execute(\"6LcjpHsqAAAAAEkZ5538Jfxrk3amDugpMFuUYuid\", {action: \"submit\"}).then(function(token) {\r\n                        var captchas = document.querySelectorAll(\".agr-recaptcha-response\");\r\n                        captchas.forEach(function(captcha) {\r\n                            captcha.value = token;\r\n                        });\r\n                    });\r\n                }\r\n                <\/script>\t<div class=\"tutor-d-flex tutor-justify-between tutor-align-center tutor-mb-40\">\n\t\t<div class=\"tutor-form-check\">\n\t\t\t<input id=\"tutor-login-agmnt-1\" type=\"checkbox\" class=\"tutor-form-check-input tutor-bg-black-40\" name=\"rememberme\" value=\"forever\" \/>\n\t\t\t<label for=\"tutor-login-agmnt-1\" class=\"tutor-fs-7 tutor-color-muted\">\n\t\t\t\tKeep me signed in\t\t\t<\/label>\n\t\t<\/div>\n\t\t<a href=\"https:\/\/javiercachon.com\/en\/escritorio\/retrieve-password\" class=\"tutor-btn tutor-btn-ghost\">\n\t\t\tForgot Password?\t\t<\/a>\n\t<\/div>\n\n\t\t<button type=\"submit\" class=\"tutor-btn tutor-btn-primary tutor-btn-block\">\n\t\tSign In\t<\/button>\n\n\t\t\t\t\t<div class=\"tutor-text-center tutor-fs-6 tutor-color-secondary tutor-mt-20\">\n\t\t\tDon&#039;t have an account?&nbsp;\n\t\t\t<a href=\"https:\/\/javiercachon.com\/en\/estudiantes\/?redirect_to=https:\/\/javiercachon.com\/en\/wp-json\/wp\/v2\/pages\/7913\" class=\"tutor-btn tutor-btn-link\">\n\t\t\t\tRegister Now\t\t\t<\/a>\n\t\t<\/div>\n\t\t<\/form>\n<script>\n\tdocument.addEventListener('DOMContentLoaded', function() {\n\t\tvar loginModal = document.querySelector('.tutor-modal.tutor-login-modal');\n\t\tvar errors = [];\n\t\tif (loginModal && errors.length) {\n\t\t\tloginModal.classList.add('tutor-is-active');\n\t\t}\n\t});\n<\/script>\n\t\t\t\t\t<\/div>\n\t\t\t<\/div>\n<\/div>\n\n<div style='text-align:center' class='yasr-auto-insert-overall'><\/div><div style='text-align:center' class='yasr-auto-insert-visitor'><\/div>","protected":false},"excerpt":{"rendered":"","protected":false},"author":1,"featured_media":0,"parent":0,"menu_order":0,"comment_status":"closed","ping_status":"closed","template":"","meta":{"_monsterinsights_skip_tracking":false,"_monsterinsights_sitenote_active":false,"_monsterinsights_sitenote_note":"","_monsterinsights_sitenote_category":0,"site-sidebar-layout":"default","site-content-layout":"","ast-site-content-layout":"default","site-content-style":"default","site-sidebar-style":"default","ast-global-header-display":"","ast-banner-title-visibility":"","ast-main-header-display":"","ast-hfb-above-header-display":"","ast-hfb-below-header-display":"","ast-hfb-mobile-header-display":"","site-post-title":"","ast-breadcrumbs-content":"","ast-featured-img":"","footer-sml-layout":"","ast-disable-related-posts":"","theme-transparent-header-meta":"","adv-header-id-meta":"","stick-header-meta":"","header-above-stick-meta":"","header-main-stick-meta":"","header-below-stick-meta":"","astra-migrate-meta-layouts":"default","ast-page-background-enabled":"default","ast-page-background-meta":{"desktop":{"background-color":"var(--ast-global-color-4)","background-image":"","background-repeat":"repeat","background-position":"center center","background-size":"auto","background-attachment":"scroll","background-type":"","background-media":"","overlay-type":"","overlay-color":"","overlay-opacity":"","overlay-gradient":""},"tablet":{"background-color":"","background-image":"","background-repeat":"repeat","background-position":"center center","background-size":"auto","background-attachment":"scroll","background-type":"","background-media":"","overlay-type":"","overlay-color":"","overlay-opacity":"","overlay-gradient":""},"mobile":{"background-color":"","background-image":"","background-repeat":"repeat","background-position":"center center","background-size":"auto","background-attachment":"scroll","background-type":"","background-media":"","overlay-type":"","overlay-color":"","overlay-opacity":"","overlay-gradient":""}},"ast-content-background-meta":{"desktop":{"background-color":"var(--ast-global-color-5)","background-image":"","background-repeat":"repeat","background-position":"center center","background-size":"auto","background-attachment":"scroll","background-type":"","background-media":"","overlay-type":"","overlay-color":"","overlay-opacity":"","overlay-gradient":""},"tablet":{"background-color":"var(--ast-global-color-5)","background-image":"","background-repeat":"repeat","background-position":"center center","background-size":"auto","background-attachment":"scroll","background-type":"","background-media":"","overlay-type":"","overlay-color":"","overlay-opacity":"","overlay-gradient":""},"mobile":{"background-color":"var(--ast-global-color-5)","background-image":"","background-repeat":"repeat","background-position":"center center","background-size":"auto","background-attachment":"scroll","background-type":"","background-media":"","overlay-type":"","overlay-color":"","overlay-opacity":"","overlay-gradient":""}},"jetpack_post_was_ever_published":false,"yasr_overall_rating":0,"yasr_post_is_review":"","yasr_auto_insert_disabled":"","yasr_review_type":"","footnotes":""},"class_list":["post-7913","page","type-page","status-publish","hentry"],"yoast_head":"<!-- This site is optimized with the Yoast SEO plugin v27.5 - https:\/\/yoast.com\/product\/yoast-seo-wordpress\/ -->\n<title>Tutor Login | javiercachon.com<\/title>\n<meta name=\"robots\" content=\"index, follow, max-snippet:-1, max-image-preview:large, max-video-preview:-1\" \/>\n<link rel=\"canonical\" href=\"https:\/\/javiercachon.com\/en\/tutor-login\/\" \/>\n<meta property=\"og:locale\" content=\"en_US\" \/>\n<meta property=\"og:type\" content=\"article\" \/>\n<meta property=\"og:title\" content=\"Tutor Login | javiercachon.com\" \/>\n<meta property=\"og:url\" content=\"https:\/\/javiercachon.com\/en\/tutor-login\/\" \/>\n<meta property=\"og:site_name\" content=\"javiercachon.com\" \/>\n<meta property=\"article:publisher\" content=\"https:\/\/www.facebook.com\/javiercachon82\" \/>\n<meta property=\"og:image\" content=\"https:\/\/javiercachon.com\/wp-content\/uploads\/2024\/11\/Montanas-JC-logo-azul.jpg\" \/>\n\t<meta property=\"og:image:width\" content=\"250\" \/>\n\t<meta property=\"og:image:height\" content=\"34\" \/>\n\t<meta property=\"og:image:type\" content=\"image\/jpeg\" \/>\n<meta name=\"twitter:card\" content=\"summary_large_image\" \/>\n<meta name=\"twitter:site\" content=\"@udegeek\" \/>\n<script type=\"application\/ld+json\" class=\"yoast-schema-graph\">{\"@context\":\"https:\\\/\\\/schema.org\",\"@graph\":[{\"@type\":\"WebPage\",\"@id\":\"https:\\\/\\\/javiercachon.com\\\/es\\\/tutor-login\\\/\",\"url\":\"https:\\\/\\\/javiercachon.com\\\/es\\\/tutor-login\\\/\",\"name\":\"Tutor Login | javiercachon.com\",\"isPartOf\":{\"@id\":\"https:\\\/\\\/javiercachon.com\\\/es\\\/#website\"},\"datePublished\":\"2026-05-03T20:35:34+00:00\",\"breadcrumb\":{\"@id\":\"https:\\\/\\\/javiercachon.com\\\/es\\\/tutor-login\\\/#breadcrumb\"},\"inLanguage\":\"en-US\",\"potentialAction\":[{\"@type\":\"ReadAction\",\"target\":[\"https:\\\/\\\/javiercachon.com\\\/es\\\/tutor-login\\\/\"]}]},{\"@type\":\"BreadcrumbList\",\"@id\":\"https:\\\/\\\/javiercachon.com\\\/es\\\/tutor-login\\\/#breadcrumb\",\"itemListElement\":[{\"@type\":\"ListItem\",\"position\":1,\"name\":\"inicio\",\"item\":\"https:\\\/\\\/javiercachon.com\\\/\"},{\"@type\":\"ListItem\",\"position\":2,\"name\":\"Tutor Login\"}]},{\"@type\":\"WebSite\",\"@id\":\"https:\\\/\\\/javiercachon.com\\\/es\\\/#website\",\"url\":\"https:\\\/\\\/javiercachon.com\\\/es\\\/\",\"name\":\"javiercachon.com\",\"description\":\"es una plataforma educativa revolucionaria que busca democratizar el acceso al conocimiento en inform\u00e1tica.\",\"publisher\":{\"@id\":\"https:\\\/\\\/javiercachon.com\\\/es\\\/#\\\/schema\\\/person\\\/56ea56e1350676921cc43a3bcfd6c997\"},\"alternateName\":\"javiercachon.com\",\"potentialAction\":[{\"@type\":\"SearchAction\",\"target\":{\"@type\":\"EntryPoint\",\"urlTemplate\":\"https:\\\/\\\/javiercachon.com\\\/es\\\/?s={search_term_string}\"},\"query-input\":{\"@type\":\"PropertyValueSpecification\",\"valueRequired\":true,\"valueName\":\"search_term_string\"}}],\"inLanguage\":\"en-US\"},{\"@type\":[\"Person\",\"Organization\"],\"@id\":\"https:\\\/\\\/javiercachon.com\\\/es\\\/#\\\/schema\\\/person\\\/56ea56e1350676921cc43a3bcfd6c997\",\"name\":\"Javier Cach\u00f3n Garrido\",\"image\":{\"@type\":\"ImageObject\",\"inLanguage\":\"en-US\",\"@id\":\"https:\\\/\\\/javiercachon.com\\\/wp-content\\\/uploads\\\/2024\\\/11\\\/Montanas-JC-logo-azul.jpg\",\"url\":\"https:\\\/\\\/javiercachon.com\\\/wp-content\\\/uploads\\\/2024\\\/11\\\/Montanas-JC-logo-azul.jpg\",\"contentUrl\":\"https:\\\/\\\/javiercachon.com\\\/wp-content\\\/uploads\\\/2024\\\/11\\\/Montanas-JC-logo-azul.jpg\",\"width\":250,\"height\":34,\"caption\":\"Javier Cach\u00f3n Garrido\"},\"logo\":{\"@id\":\"https:\\\/\\\/javiercachon.com\\\/wp-content\\\/uploads\\\/2024\\\/11\\\/Montanas-JC-logo-azul.jpg\"},\"description\":\"Javier Cach\u00f3n Garrido es un experto en inform\u00e1tica, apasionado por el c\u00f3digo abierto y la educaci\u00f3n tecnol\u00f3gica. Como fundador de JavierCachon.com, impulsa la formaci\u00f3n en GNU\\\/Linux y software libre, promoviendo el aprendizaje accesible y colaborativo. Su misi\u00f3n es democratizar el conocimiento en TI, ofreciendo recursos gratuitos y de calidad para profesionales y entusiastas del sector. Es un profeta y predicador que evangeliza la tecnolog\u00eda, la inform\u00e1tica y telecomunicaciones, acomp\u00e1\u00f1ale en su aventura y pasi\u00f3n por los sistemas operativos abiertos GNU\\\/Linux.\",\"sameAs\":[\"https:\\\/\\\/javiercachon.com\\\/\",\"https:\\\/\\\/www.facebook.com\\\/javiercachon82\",\"https:\\\/\\\/www.instagram.com\\\/edugeek\\\/\",\"https:\\\/\\\/www.linkedin.com\\\/in\\\/javiercachongarrido\\\/\",\"https:\\\/\\\/x.com\\\/https:\\\/\\\/x.com\\\/udegeek\",\"https:\\\/\\\/www.youtube.com\\\/@edugeek\",\"https:\\\/\\\/wiki.javiercachon.com\\\/wiki\\\/index.php\\\/Usuario:Ojosdegato\"]},false]}<\/script>\n<!-- \/ Yoast SEO plugin. -->","yoast_head_json":{"title":"Tutor Login | javiercachon.com","robots":{"index":"index","follow":"follow","max-snippet":"max-snippet:-1","max-image-preview":"max-image-preview:large","max-video-preview":"max-video-preview:-1"},"canonical":"https:\/\/javiercachon.com\/en\/tutor-login\/","og_locale":"en_US","og_type":"article","og_title":"Tutor Login | javiercachon.com","og_url":"https:\/\/javiercachon.com\/en\/tutor-login\/","og_site_name":"javiercachon.com","article_publisher":"https:\/\/www.facebook.com\/javiercachon82","og_image":[{"width":250,"height":34,"url":"https:\/\/javiercachon.com\/wp-content\/uploads\/2024\/11\/Montanas-JC-logo-azul.jpg","type":"image\/jpeg"}],"twitter_card":"summary_large_image","twitter_site":"@udegeek","schema":{"@context":"https:\/\/schema.org","@graph":[{"@type":"WebPage","@id":"https:\/\/javiercachon.com\/es\/tutor-login\/","url":"https:\/\/javiercachon.com\/es\/tutor-login\/","name":"Tutor Login | javiercachon.com","isPartOf":{"@id":"https:\/\/javiercachon.com\/es\/#website"},"datePublished":"2026-05-03T20:35:34+00:00","breadcrumb":{"@id":"https:\/\/javiercachon.com\/es\/tutor-login\/#breadcrumb"},"inLanguage":"en-US","potentialAction":[{"@type":"ReadAction","target":["https:\/\/javiercachon.com\/es\/tutor-login\/"]}]},{"@type":"BreadcrumbList","@id":"https:\/\/javiercachon.com\/es\/tutor-login\/#breadcrumb","itemListElement":[{"@type":"ListItem","position":1,"name":"inicio","item":"https:\/\/javiercachon.com\/"},{"@type":"ListItem","position":2,"name":"Tutor Login"}]},{"@type":"WebSite","@id":"https:\/\/javiercachon.com\/es\/#website","url":"https:\/\/javiercachon.com\/es\/","name":"javiercachon.com","description":"It is a revolutionary educational platform that seeks to democratize access to computer science knowledge.","publisher":{"@id":"https:\/\/javiercachon.com\/es\/#\/schema\/person\/56ea56e1350676921cc43a3bcfd6c997"},"alternateName":"javiercachon.com","potentialAction":[{"@type":"SearchAction","target":{"@type":"EntryPoint","urlTemplate":"https:\/\/javiercachon.com\/es\/?s={search_term_string}"},"query-input":{"@type":"PropertyValueSpecification","valueRequired":true,"valueName":"search_term_string"}}],"inLanguage":"en-US"},{"@type":["Person","Organization"],"@id":"https:\/\/javiercachon.com\/es\/#\/schema\/person\/56ea56e1350676921cc43a3bcfd6c997","name":"Javier Cach\u00f3n Garrido","image":{"@type":"ImageObject","inLanguage":"en-US","@id":"https:\/\/javiercachon.com\/wp-content\/uploads\/2024\/11\/Montanas-JC-logo-azul.jpg","url":"https:\/\/javiercachon.com\/wp-content\/uploads\/2024\/11\/Montanas-JC-logo-azul.jpg","contentUrl":"https:\/\/javiercachon.com\/wp-content\/uploads\/2024\/11\/Montanas-JC-logo-azul.jpg","width":250,"height":34,"caption":"Javier Cach\u00f3n Garrido"},"logo":{"@id":"https:\/\/javiercachon.com\/wp-content\/uploads\/2024\/11\/Montanas-JC-logo-azul.jpg"},"description":"Javier Cach\u00f3n Garrido es un experto en inform\u00e1tica, apasionado por el c\u00f3digo abierto y la educaci\u00f3n tecnol\u00f3gica. Como fundador de JavierCachon.com, impulsa la formaci\u00f3n en GNU\/Linux y software libre, promoviendo el aprendizaje accesible y colaborativo. Su misi\u00f3n es democratizar el conocimiento en TI, ofreciendo recursos gratuitos y de calidad para profesionales y entusiastas del sector. Es un profeta y predicador que evangeliza la tecnolog\u00eda, la inform\u00e1tica y telecomunicaciones, acomp\u00e1\u00f1ale en su aventura y pasi\u00f3n por los sistemas operativos abiertos GNU\/Linux.","sameAs":["https:\/\/javiercachon.com\/","https:\/\/www.facebook.com\/javiercachon82","https:\/\/www.instagram.com\/edugeek\/","https:\/\/www.linkedin.com\/in\/javiercachongarrido\/","https:\/\/x.com\/https:\/\/x.com\/udegeek","https:\/\/www.youtube.com\/@edugeek","https:\/\/wiki.javiercachon.com\/wiki\/index.php\/Usuario:Ojosdegato"]},false]}},"yasr_visitor_votes":{"stars_attributes":{"read_only":false,"span_bottom":false},"number_of_votes":0,"sum_votes":0},"jetpack_likes_enabled":true,"jetpack_sharing_enabled":true,"_links":{"self":[{"href":"https:\/\/javiercachon.com\/en\/wp-json\/wp\/v2\/pages\/7913","targetHints":{"allow":["GET"]}}],"collection":[{"href":"https:\/\/javiercachon.com\/en\/wp-json\/wp\/v2\/pages"}],"about":[{"href":"https:\/\/javiercachon.com\/en\/wp-json\/wp\/v2\/types\/page"}],"author":[{"embeddable":true,"href":"https:\/\/javiercachon.com\/en\/wp-json\/wp\/v2\/users\/1"}],"replies":[{"embeddable":true,"href":"https:\/\/javiercachon.com\/en\/wp-json\/wp\/v2\/comments?post=7913"}],"version-history":[{"count":0,"href":"https:\/\/javiercachon.com\/en\/wp-json\/wp\/v2\/pages\/7913\/revisions"}],"wp:attachment":[{"href":"https:\/\/javiercachon.com\/en\/wp-json\/wp\/v2\/media?parent=7913"}],"curies":[{"name":"wp","href":"https:\/\/api.w.org\/{rel}","templated":true}]}}