{"id":2374,"date":"2024-04-26T11:34:34","date_gmt":"2024-04-26T11:34:34","guid":{"rendered":"https:\/privacidad\/"},"modified":"2024-11-10T23:26:04","modified_gmt":"2024-11-10T22:26:04","slug":"privacidad","status":"publish","type":"page","link":"https:\/\/javiercachon.com\/es\/privacidad\/","title":{"rendered":"Pol\u00edtica de privacidad"},"content":{"rendered":"<h3>INTRODUCCI\u00d3N<\/h3>\n<p>En Blog de Javier Cach\u00f3n Garrido, sensibilizados con las necesidades de los usuarios de Internet y conscientes de la importancia de la rigurosa privacidad de la informaci\u00f3n personal que nos conf\u00edan, incluimos esta declaraci\u00f3n de privacidad con el objeto de que seas consciente de la pol\u00edtica en el tratamiento de los datos personales que obtiene de sus visitantes y usuarios.<\/p><p>Como usuario, aceptas estas condiciones por el mero hecho de leer, visualizar o navegar en el sitio. De no aceptarlas, debes abandonar el sitio, sin hacer uso alguno de \u00e9l y su contenido, y sin acceder a las p\u00e1ginas enlazadas.<\/p>\n<h3 id='responsable'>RESPONSABLE DEL TRATAMIENTO DE DATOS<\/h3>\n<p>El titular del sitio y responsable del tratamiento de datos es Javier Cach\u00f3n Garrido, con DNI 02666616L, para contactar puedes utilizar la direcci\u00f3n de correo electr\u00f3nico <a href=\"mailto:&#105;%6e%66%6f%40&#106;&#97;&#118;i%65%72%63a%63h%6fn.&#99;&#111;&#109;\">&#105;n&#102;o&#64;&#106;&#97;&#118;&#105;&#101;&#114;&#99;a&#99;&#104;o&#110;.&#99;&#111;&#109;<\/a>, el tel\u00e9fono 717709151 o correo postal a , c\u00f3digo postal 28470 de Cercedilla, Comunidad de Madrid.<\/p>\n<h3 id='finalidad'>FINALIDAD DEL TRATAMIENTO DE DATOS<\/h3>\n<p>En nuestros sitios web, existen unos apartados espec\u00edficos donde puedes anotar tus datos para recibir informaci\u00f3n sobre actualizaciones de nuestra web y de algunos los programas que se distribuyen. Nosotros te aseguramos que la informaci\u00f3n que nos facilites ser\u00e1 gestionada de forma totalmente confidencial.<\/p><p>Formulario de contacto: Mantener el contacto contigo u otras acciones obligatorias.<\/p>\n<p>Suscripci\u00f3n a boletines: Enviar boletines a tu direcci\u00f3n de correo electr\u00f3nico.<\/p>\n<p>Formulario de suscripci\u00f3n al sitio: Informarte por correo electr\u00f3nico de nuevas entradas publicadas en el sitio.<\/p>\n<p>Los datos se almacenar\u00e1n mientras exista previsi\u00f3n de su uso para el fin por el que fueron recabados.<\/p><p>No se realizan tomas de decisiones automatizadas con tus datos.<\/p><p>La web puede utilizar cookies, consulta nuestra <a href=\"https:\/cookies\/\">pol\u00edtica de cookies<\/a>.<\/p>\n<h3 id='legitimacion'>LEGITIMACI\u00d3N DEL TRATAMIENTO DE DATOS<\/h3>\n<p>El uso de tus datos se realiza porque nos das tu consentimiento para usar los que nos proporcionas en los formularios para un uso espec\u00edfico que se indica en cada uno de ellos. Tus datos solo son necesarios para los usos concretos por los que se te solicitan, si no nos los facilitas, esos servicios no son posibles.<\/p>\n<h3 id='transferencia'>TRANSFERENCIAS Y CESIONES DE DATOS<\/h3>\n<p>Existe un compromiso firme por nuestra parte de que los datos que proporcione a Blog de Javier Cach\u00f3n Garrido, no ser\u00e1n vendidos ni cedidos a terceras personas sin el previo consentimiento del interesado bajo ning\u00fan concepto o circunstancia, salvo consentimiento expreso u obligaci\u00f3n legal.<\/p><p>Los datos incorporados en el formulario de comentarios, ser\u00e1n tratados por Automattic Inc., con domicilio en EEUU con la finalidad de filtrar el spam en los comentarios. Puede consultar la <a href=\"https:\/\/automattic.com\/privacy-notice\/\">pol\u00edtica de privacidad de Automattic Inc.<\/a>.<\/p><p>Los datos incorporados en el formulario de contacto, ser\u00e1n tratados por Automattic Inc., con domicilio en EEUU con la finalidad de filtrar el spam en los mensajes. Puede consultar la <a href=\"https:\/\/automattic.com\/privacy-notice\/\">pol\u00edtica de privacidad de Automattic Inc.<\/a>.<\/p><p>El formulario para suscribirte al sitio por correo electr\u00f3nico, ser\u00e1 tratado por Automattic Inc., con domicilio en EEUU con la finalidad de prestarle ese servicio Puedes examinar la <a href=\"https:\/\/translate.google.com\/translate?hl=es_ES&sl=en&tl=es_ES&u=https%3A%2F%2Fautomattic.com%2Fes%2Fprivacy%2F\">pol\u00edtica de privacidad de Automattic Inc.<\/a>.<\/p><p>Nuestro sitio web contiene enlaces hacia sitios web de terceros. Blog de Javier Cach\u00f3n Garrido no se hace responsable por las pol\u00edticas y pr\u00e1cticas de privacidad de estos otros sitios.<\/p>\n<h3 id='derechos'>DERECHOS DE LOS INTERESADOS<\/h3>\n<p>Tienes el derecho de acceder a la informaci\u00f3n que sobre tu persona est\u00e1 almacenada en nuestras bases de datos, rectificarla si existiera alguna errata, suprimirla, limitarla, oponerte a su tratamiento y retirar tu consentimiento si ese es tu deseo. Para ello simplemente debes escribir un e-mail a la direcci\u00f3n de correo electr\u00f3nico <a href=\"mailto:i&#110;%66o%40%6a%61&#118;&#105;e%72%63a&#99;&#104;%6fn%2eco&#109;\">inf&#111;&#64;&#106;a&#118;ie&#114;&#99;achon&#46;&#99;om<\/a> donde te atenderemos gustosamente cualquier consulta, comentario o aclaraci\u00f3n requerida al respecto.<\/p><p>Para mayor informaci\u00f3n sobre temas relacionados, el sitio de referencia en la Red espa\u00f1ola es la <a href=\"https:\/\/www.agpd.es\/\">Agencia de Protecci\u00f3n de Datos<\/a>, donde tienes derecho a reclamar.<\/p>\n\n\r\n<div style='text-align:center' class='yasr-auto-insert-overall'><\/div><div style='text-align:center' class='yasr-auto-insert-visitor'><\/div>","protected":false},"excerpt":{"rendered":"","protected":false},"author":1,"featured_media":0,"parent":0,"menu_order":0,"comment_status":"closed","ping_status":"closed","template":"","meta":{"_monsterinsights_skip_tracking":false,"_monsterinsights_sitenote_active":false,"_monsterinsights_sitenote_note":"","_monsterinsights_sitenote_category":0,"site-sidebar-layout":"default","site-content-layout":"","ast-site-content-layout":"default","site-content-style":"default","site-sidebar-style":"default","ast-global-header-display":"","ast-banner-title-visibility":"","ast-main-header-display":"","ast-hfb-above-header-display":"","ast-hfb-below-header-display":"","ast-hfb-mobile-header-display":"","site-post-title":"","ast-breadcrumbs-content":"","ast-featured-img":"","footer-sml-layout":"","ast-disable-related-posts":"","theme-transparent-header-meta":"","adv-header-id-meta":"","stick-header-meta":"","header-above-stick-meta":"","header-main-stick-meta":"","header-below-stick-meta":"","astra-migrate-meta-layouts":"default","ast-page-background-enabled":"default","ast-page-background-meta":{"desktop":{"background-color":"var(--ast-global-color-4)","background-image":"","background-repeat":"repeat","background-position":"center center","background-size":"auto","background-attachment":"scroll","background-type":"","background-media":"","overlay-type":"","overlay-color":"","overlay-opacity":"","overlay-gradient":""},"tablet":{"background-color":"","background-image":"","background-repeat":"repeat","background-position":"center center","background-size":"auto","background-attachment":"scroll","background-type":"","background-media":"","overlay-type":"","overlay-color":"","overlay-opacity":"","overlay-gradient":""},"mobile":{"background-color":"","background-image":"","background-repeat":"repeat","background-position":"center center","background-size":"auto","background-attachment":"scroll","background-type":"","background-media":"","overlay-type":"","overlay-color":"","overlay-opacity":"","overlay-gradient":""}},"ast-content-background-meta":{"desktop":{"background-color":"var(--ast-global-color-5)","background-image":"","background-repeat":"repeat","background-position":"center center","background-size":"auto","background-attachment":"scroll","background-type":"","background-media":"","overlay-type":"","overlay-color":"","overlay-opacity":"","overlay-gradient":""},"tablet":{"background-color":"var(--ast-global-color-5)","background-image":"","background-repeat":"repeat","background-position":"center center","background-size":"auto","background-attachment":"scroll","background-type":"","background-media":"","overlay-type":"","overlay-color":"","overlay-opacity":"","overlay-gradient":""},"mobile":{"background-color":"var(--ast-global-color-5)","background-image":"","background-repeat":"repeat","background-position":"center center","background-size":"auto","background-attachment":"scroll","background-type":"","background-media":"","overlay-type":"","overlay-color":"","overlay-opacity":"","overlay-gradient":""}},"jetpack_post_was_ever_published":false,"yasr_overall_rating":0,"yasr_post_is_review":"","yasr_auto_insert_disabled":"","yasr_review_type":"","footnotes":""},"class_list":["post-2374","page","type-page","status-publish","hentry"],"yoast_head":"<!-- This site is optimized with the Yoast SEO plugin v27.5 - https:\/\/yoast.com\/product\/yoast-seo-wordpress\/ -->\n<title>Pol\u00edtica de Privacidad en javiercachon.com<\/title>\n<meta name=\"description\" content=\"Conozca nuestra pol\u00edtica de privacidad y c\u00f3mo protegemos sus datos en javiercachon.com. Su privacidad es nuestra prioridad.\" \/>\n<meta name=\"robots\" content=\"index, follow, max-snippet:-1, max-image-preview:large, max-video-preview:-1\" \/>\n<link rel=\"canonical\" href=\"https:\/\/javiercachon.com\/es\/privacidad\/\" \/>\n<meta property=\"og:locale\" content=\"es_ES\" \/>\n<meta property=\"og:type\" content=\"article\" \/>\n<meta property=\"og:title\" content=\"Pol\u00edtica de Privacidad en javiercachon.com\" \/>\n<meta property=\"og:description\" content=\"Conozca nuestra pol\u00edtica de privacidad y c\u00f3mo protegemos sus datos en javiercachon.com. Su privacidad es nuestra prioridad.\" \/>\n<meta property=\"og:url\" content=\"https:\/\/javiercachon.com\/es\/privacidad\/\" \/>\n<meta property=\"og:site_name\" content=\"javiercachon.com\" \/>\n<meta property=\"article:publisher\" content=\"https:\/\/www.facebook.com\/javiercachon82\" \/>\n<meta property=\"article:modified_time\" content=\"2024-11-10T22:26:04+00:00\" \/>\n<meta property=\"og:image\" content=\"https:\/\/javiercachon.com\/wp-content\/uploads\/2024\/11\/Montanas-JC-logo-azul.jpg\" \/>\n\t<meta property=\"og:image:width\" content=\"250\" \/>\n\t<meta property=\"og:image:height\" content=\"34\" \/>\n\t<meta property=\"og:image:type\" content=\"image\/jpeg\" \/>\n<meta name=\"twitter:card\" content=\"summary_large_image\" \/>\n<meta name=\"twitter:site\" content=\"@udegeek\" \/>\n<script type=\"application\/ld+json\" class=\"yoast-schema-graph\">{\"@context\":\"https:\\\/\\\/schema.org\",\"@graph\":[{\"@type\":\"WebPage\",\"@id\":\"https:\\\/\\\/javiercachon.com\\\/privacidad\\\/\",\"url\":\"https:\\\/\\\/javiercachon.com\\\/privacidad\\\/\",\"name\":\"Pol\u00edtica de Privacidad en javiercachon.com\",\"isPartOf\":{\"@id\":\"https:\\\/\\\/javiercachon.com\\\/es\\\/#website\"},\"datePublished\":\"2024-04-26T11:34:34+00:00\",\"dateModified\":\"2024-11-10T22:26:04+00:00\",\"description\":\"Conozca nuestra pol\u00edtica de privacidad y c\u00f3mo protegemos sus datos en javiercachon.com. Su privacidad es nuestra prioridad.\",\"breadcrumb\":{\"@id\":\"https:\\\/\\\/javiercachon.com\\\/privacidad\\\/#breadcrumb\"},\"inLanguage\":\"es\",\"potentialAction\":[{\"@type\":\"ReadAction\",\"target\":[\"https:\\\/\\\/javiercachon.com\\\/privacidad\\\/\"]}]},{\"@type\":\"BreadcrumbList\",\"@id\":\"https:\\\/\\\/javiercachon.com\\\/privacidad\\\/#breadcrumb\",\"itemListElement\":[{\"@type\":\"ListItem\",\"position\":1,\"name\":\"inicio\",\"item\":\"https:\\\/\\\/javiercachon.com\\\/\"},{\"@type\":\"ListItem\",\"position\":2,\"name\":\"Pol\u00edtica de privacidad\"}]},{\"@type\":\"WebSite\",\"@id\":\"https:\\\/\\\/javiercachon.com\\\/es\\\/#website\",\"url\":\"https:\\\/\\\/javiercachon.com\\\/es\\\/\",\"name\":\"javiercachon.com\",\"description\":\"es una plataforma educativa revolucionaria que busca democratizar el acceso al conocimiento en inform\u00e1tica.\",\"publisher\":{\"@id\":\"https:\\\/\\\/javiercachon.com\\\/es\\\/#\\\/schema\\\/person\\\/56ea56e1350676921cc43a3bcfd6c997\"},\"alternateName\":\"javiercachon.com\",\"potentialAction\":[{\"@type\":\"SearchAction\",\"target\":{\"@type\":\"EntryPoint\",\"urlTemplate\":\"https:\\\/\\\/javiercachon.com\\\/es\\\/?s={search_term_string}\"},\"query-input\":{\"@type\":\"PropertyValueSpecification\",\"valueRequired\":true,\"valueName\":\"search_term_string\"}}],\"inLanguage\":\"es\"},{\"@type\":[\"Person\",\"Organization\"],\"@id\":\"https:\\\/\\\/javiercachon.com\\\/es\\\/#\\\/schema\\\/person\\\/56ea56e1350676921cc43a3bcfd6c997\",\"name\":\"Javier Cach\u00f3n Garrido\",\"image\":{\"@type\":\"ImageObject\",\"inLanguage\":\"es\",\"@id\":\"https:\\\/\\\/javiercachon.com\\\/wp-content\\\/uploads\\\/2024\\\/11\\\/Montanas-JC-logo-azul.jpg\",\"url\":\"https:\\\/\\\/javiercachon.com\\\/wp-content\\\/uploads\\\/2024\\\/11\\\/Montanas-JC-logo-azul.jpg\",\"contentUrl\":\"https:\\\/\\\/javiercachon.com\\\/wp-content\\\/uploads\\\/2024\\\/11\\\/Montanas-JC-logo-azul.jpg\",\"width\":250,\"height\":34,\"caption\":\"Javier Cach\u00f3n Garrido\"},\"logo\":{\"@id\":\"https:\\\/\\\/javiercachon.com\\\/wp-content\\\/uploads\\\/2024\\\/11\\\/Montanas-JC-logo-azul.jpg\"},\"description\":\"Javier Cach\u00f3n Garrido es un experto en inform\u00e1tica, apasionado por el c\u00f3digo abierto y la educaci\u00f3n tecnol\u00f3gica. Como fundador de JavierCachon.com, impulsa la formaci\u00f3n en GNU\\\/Linux y software libre, promoviendo el aprendizaje accesible y colaborativo. Su misi\u00f3n es democratizar el conocimiento en TI, ofreciendo recursos gratuitos y de calidad para profesionales y entusiastas del sector. Es un profeta y predicador que evangeliza la tecnolog\u00eda, la inform\u00e1tica y telecomunicaciones, acomp\u00e1\u00f1ale en su aventura y pasi\u00f3n por los sistemas operativos abiertos GNU\\\/Linux.\",\"sameAs\":[\"https:\\\/\\\/javiercachon.com\\\/\",\"https:\\\/\\\/www.facebook.com\\\/javiercachon82\",\"https:\\\/\\\/www.instagram.com\\\/edugeek\\\/\",\"https:\\\/\\\/www.linkedin.com\\\/in\\\/javiercachongarrido\\\/\",\"https:\\\/\\\/x.com\\\/https:\\\/\\\/x.com\\\/udegeek\",\"https:\\\/\\\/www.youtube.com\\\/@edugeek\",\"https:\\\/\\\/wiki.javiercachon.com\\\/wiki\\\/index.php\\\/Usuario:Ojosdegato\"]},false]}<\/script>\n<!-- \/ Yoast SEO plugin. -->","yoast_head_json":{"title":"Pol\u00edtica de Privacidad en javiercachon.com","description":"Conozca nuestra pol\u00edtica de privacidad y c\u00f3mo protegemos sus datos en javiercachon.com. Su privacidad es nuestra prioridad.","robots":{"index":"index","follow":"follow","max-snippet":"max-snippet:-1","max-image-preview":"max-image-preview:large","max-video-preview":"max-video-preview:-1"},"canonical":"https:\/\/javiercachon.com\/es\/privacidad\/","og_locale":"es_ES","og_type":"article","og_title":"Pol\u00edtica de Privacidad en javiercachon.com","og_description":"Conozca nuestra pol\u00edtica de privacidad y c\u00f3mo protegemos sus datos en javiercachon.com. Su privacidad es nuestra prioridad.","og_url":"https:\/\/javiercachon.com\/es\/privacidad\/","og_site_name":"javiercachon.com","article_publisher":"https:\/\/www.facebook.com\/javiercachon82","article_modified_time":"2024-11-10T22:26:04+00:00","og_image":[{"width":250,"height":34,"url":"https:\/\/javiercachon.com\/wp-content\/uploads\/2024\/11\/Montanas-JC-logo-azul.jpg","type":"image\/jpeg"}],"twitter_card":"summary_large_image","twitter_site":"@udegeek","schema":{"@context":"https:\/\/schema.org","@graph":[{"@type":"WebPage","@id":"https:\/\/javiercachon.com\/privacidad\/","url":"https:\/\/javiercachon.com\/privacidad\/","name":"Pol\u00edtica de Privacidad en javiercachon.com","isPartOf":{"@id":"https:\/\/javiercachon.com\/es\/#website"},"datePublished":"2024-04-26T11:34:34+00:00","dateModified":"2024-11-10T22:26:04+00:00","description":"Conozca nuestra pol\u00edtica de privacidad y c\u00f3mo protegemos sus datos en javiercachon.com. Su privacidad es nuestra prioridad.","breadcrumb":{"@id":"https:\/\/javiercachon.com\/privacidad\/#breadcrumb"},"inLanguage":"es","potentialAction":[{"@type":"ReadAction","target":["https:\/\/javiercachon.com\/privacidad\/"]}]},{"@type":"BreadcrumbList","@id":"https:\/\/javiercachon.com\/privacidad\/#breadcrumb","itemListElement":[{"@type":"ListItem","position":1,"name":"inicio","item":"https:\/\/javiercachon.com\/"},{"@type":"ListItem","position":2,"name":"Pol\u00edtica de privacidad"}]},{"@type":"WebSite","@id":"https:\/\/javiercachon.com\/es\/#website","url":"https:\/\/javiercachon.com\/es\/","name":"javiercachon.com","description":"es una plataforma educativa revolucionaria que busca democratizar el acceso al conocimiento en inform\u00e1tica.","publisher":{"@id":"https:\/\/javiercachon.com\/es\/#\/schema\/person\/56ea56e1350676921cc43a3bcfd6c997"},"alternateName":"javiercachon.com","potentialAction":[{"@type":"SearchAction","target":{"@type":"EntryPoint","urlTemplate":"https:\/\/javiercachon.com\/es\/?s={search_term_string}"},"query-input":{"@type":"PropertyValueSpecification","valueRequired":true,"valueName":"search_term_string"}}],"inLanguage":"es"},{"@type":["Person","Organization"],"@id":"https:\/\/javiercachon.com\/es\/#\/schema\/person\/56ea56e1350676921cc43a3bcfd6c997","name":"Javier Cach\u00f3n Garrido","image":{"@type":"ImageObject","inLanguage":"es","@id":"https:\/\/javiercachon.com\/wp-content\/uploads\/2024\/11\/Montanas-JC-logo-azul.jpg","url":"https:\/\/javiercachon.com\/wp-content\/uploads\/2024\/11\/Montanas-JC-logo-azul.jpg","contentUrl":"https:\/\/javiercachon.com\/wp-content\/uploads\/2024\/11\/Montanas-JC-logo-azul.jpg","width":250,"height":34,"caption":"Javier Cach\u00f3n Garrido"},"logo":{"@id":"https:\/\/javiercachon.com\/wp-content\/uploads\/2024\/11\/Montanas-JC-logo-azul.jpg"},"description":"Javier Cach\u00f3n Garrido es un experto en inform\u00e1tica, apasionado por el c\u00f3digo abierto y la educaci\u00f3n tecnol\u00f3gica. Como fundador de JavierCachon.com, impulsa la formaci\u00f3n en GNU\/Linux y software libre, promoviendo el aprendizaje accesible y colaborativo. Su misi\u00f3n es democratizar el conocimiento en TI, ofreciendo recursos gratuitos y de calidad para profesionales y entusiastas del sector. Es un profeta y predicador que evangeliza la tecnolog\u00eda, la inform\u00e1tica y telecomunicaciones, acomp\u00e1\u00f1ale en su aventura y pasi\u00f3n por los sistemas operativos abiertos GNU\/Linux.","sameAs":["https:\/\/javiercachon.com\/","https:\/\/www.facebook.com\/javiercachon82","https:\/\/www.instagram.com\/edugeek\/","https:\/\/www.linkedin.com\/in\/javiercachongarrido\/","https:\/\/x.com\/https:\/\/x.com\/udegeek","https:\/\/www.youtube.com\/@edugeek","https:\/\/wiki.javiercachon.com\/wiki\/index.php\/Usuario:Ojosdegato"]},false]}},"yasr_visitor_votes":{"stars_attributes":{"read_only":false,"span_bottom":false},"number_of_votes":0,"sum_votes":0},"jetpack_likes_enabled":true,"jetpack_sharing_enabled":true,"_links":{"self":[{"href":"https:\/\/javiercachon.com\/es\/wp-json\/wp\/v2\/pages\/2374","targetHints":{"allow":["GET"]}}],"collection":[{"href":"https:\/\/javiercachon.com\/es\/wp-json\/wp\/v2\/pages"}],"about":[{"href":"https:\/\/javiercachon.com\/es\/wp-json\/wp\/v2\/types\/page"}],"author":[{"embeddable":true,"href":"https:\/\/javiercachon.com\/es\/wp-json\/wp\/v2\/users\/1"}],"replies":[{"embeddable":true,"href":"https:\/\/javiercachon.com\/es\/wp-json\/wp\/v2\/comments?post=2374"}],"version-history":[{"count":0,"href":"https:\/\/javiercachon.com\/es\/wp-json\/wp\/v2\/pages\/2374\/revisions"}],"wp:attachment":[{"href":"https:\/\/javiercachon.com\/es\/wp-json\/wp\/v2\/media?parent=2374"}],"curies":[{"name":"wp","href":"https:\/\/api.w.org\/{rel}","templated":true}]}}