{"id":4481,"date":"2024-04-25T21:46:43","date_gmt":"2024-04-25T21:46:43","guid":{"rendered":"https:\/shop\/"},"modified":"2025-05-22T16:36:20","modified_gmt":"2025-05-22T14:36:20","slug":"tienda","status":"publish","type":"page","link":"https:\/\/javiercachon.com\/es\/tienda\/","title":{"rendered":"Tienda"},"content":{"rendered":"\n<figure class=\"wp-block-image aligncenter size-large is-resized\"><img fetchpriority=\"high\" decoding=\"async\" width=\"1024\" height=\"576\" src=\"http:\/\/javiercachon.com\/wp-content\/uploads\/2025\/05\/slimbook-1024x576.jpg\" alt=\"\" class=\"wp-image-5591\" style=\"width:1200px;height:auto\" srcset=\"https:\/\/javiercachon.com\/wp-content\/uploads\/2025\/05\/slimbook-1024x576.jpg 1024w, https:\/\/javiercachon.com\/wp-content\/uploads\/2025\/05\/slimbook-300x169.jpg 300w, https:\/\/javiercachon.com\/wp-content\/uploads\/2025\/05\/slimbook-768x432.jpg 768w, https:\/\/javiercachon.com\/wp-content\/uploads\/2025\/05\/slimbook-100x56.jpg 100w, https:\/\/javiercachon.com\/wp-content\/uploads\/2025\/05\/slimbook-1536x864.jpg 1536w, https:\/\/javiercachon.com\/wp-content\/uploads\/2025\/05\/slimbook-18x10.jpg 18w, https:\/\/javiercachon.com\/wp-content\/uploads\/2025\/05\/slimbook.jpg 1920w\" sizes=\"(max-width: 1024px) 100vw, 1024px\" \/><\/figure>\n\n\n\n<h4 class=\"wp-block-heading\"><strong>SLIMBOOK: La tienda de ordenadores y port\u00e1tiles pensados para Linux<\/strong><\/h4>\n\n\n\n<p><strong>SLIMBOOK<\/strong> es una tienda especializada en la venta de ordenadores y port\u00e1tiles dise\u00f1ados espec\u00edficamente para usuarios de Linux. Con una amplia variedad de modelos, SLIMBOOK ofrece equipos de alto rendimiento, confiables y completamente compatibles con las distribuciones de Linux m\u00e1s populares. Ya seas un profesional, un estudiante o un aficionado a la tecnolog\u00eda, en SLIMBOOK encontrar\u00e1s el equipo perfecto para potenciar tu experiencia con software libre.<\/p>\n\n\n\n<p><strong>\u00bfPor qu\u00e9 elegir SLIMBOOK?<\/strong><\/p>\n\n\n\n<ul class=\"wp-block-list\">\n<li><strong>Compatibilidad Total con Linux:<\/strong>\u00a0Todos los dispositivos de SLIMBOOK vienen con Linux preinstalado, optimizados para ofrecer un rendimiento fluido desde el primer momento.<\/li>\n\n\n\n<li><strong>Hardware de Alta Calidad:<\/strong>\u00a0Con componentes de \u00faltima generaci\u00f3n, SLIMBOOK asegura una excelente experiencia en rendimiento y durabilidad.<\/li>\n\n\n\n<li><strong>Soporte Especializado:<\/strong>\u00a0Su equipo de soporte est\u00e1 altamente capacitado para resolver cualquier duda o problema relacionado con Linux y el hardware de sus equipos.<\/li>\n\n\n\n<li><strong>Dise\u00f1o Innovador y Funcional:<\/strong>\u00a0Cada equipo es dise\u00f1ado con un enfoque en la ergonom\u00eda y la est\u00e9tica, adapt\u00e1ndose a las necesidades tanto de usuarios profesionales como de estudiantes.<\/li>\n<\/ul>\n\n\n\n<p>SLIMBOOK tambi\u00e9n se destaca por su compromiso con el software libre y la promoci\u00f3n de una alternativa abierta frente a sistemas operativos cerrados, demostrando que los equipos de alto rendimiento pueden convivir perfectamente con sistemas como Linux y ser totalmente compatibles con otras plataformas, como Windows, para ofrecer una experiencia m\u00e1s completa.<\/p>\n\n\n\n<div class=\"wp-block-buttons is-content-justification-center is-layout-flex wp-container-core-buttons-is-layout-a89b3969 wp-block-buttons-is-layout-flex\">\n<div class=\"wp-block-button has-custom-width wp-block-button__width-25 is-style-fill\"><a class=\"wp-block-button__link has-x-large-font-size has-text-align-center has-custom-font-size wp-element-button\" href=\"https:\/\/slimbook.com\/\" style=\"border-width:5px;border-radius:18px;padding-top:0;padding-bottom:0\" target=\"_blank\" rel=\"noreferrer noopener\"> <strong>SlimBook<\/strong><\/a><\/div>\n<\/div>\n<div style='text-align:center' class='yasr-auto-insert-overall'><\/div><div style='text-align:center' class='yasr-auto-insert-visitor'><\/div>","protected":false},"excerpt":{"rendered":"<p>SLIMBOOK: La tienda de ordenadores y port\u00e1tiles pensados para Linux SLIMBOOK es una tienda especializada en la venta de ordenadores y port\u00e1tiles dise\u00f1ados espec\u00edficamente para usuarios de Linux. Con una amplia variedad de modelos, SLIMBOOK ofrece equipos de alto rendimiento, confiables y completamente compatibles con las distribuciones de Linux m\u00e1s [&hellip;]<\/p>\n","protected":false},"author":1,"featured_media":0,"parent":0,"menu_order":0,"comment_status":"closed","ping_status":"closed","template":"","meta":{"_monsterinsights_skip_tracking":false,"_monsterinsights_sitenote_active":false,"_monsterinsights_sitenote_note":"","_monsterinsights_sitenote_category":0,"site-sidebar-layout":"default","site-content-layout":"","ast-site-content-layout":"","site-content-style":"default","site-sidebar-style":"default","ast-global-header-display":"","ast-banner-title-visibility":"","ast-main-header-display":"","ast-hfb-above-header-display":"","ast-hfb-below-header-display":"","ast-hfb-mobile-header-display":"","site-post-title":"disabled","ast-breadcrumbs-content":"","ast-featured-img":"","footer-sml-layout":"","ast-disable-related-posts":"","theme-transparent-header-meta":"","adv-header-id-meta":"","stick-header-meta":"","header-above-stick-meta":"","header-main-stick-meta":"","header-below-stick-meta":"","astra-migrate-meta-layouts":"default","ast-page-background-enabled":"default","ast-page-background-meta":{"desktop":{"background-color":"var(--ast-global-color-4)","background-image":"","background-repeat":"repeat","background-position":"center center","background-size":"auto","background-attachment":"scroll","background-type":"","background-media":"","overlay-type":"","overlay-color":"","overlay-opacity":"","overlay-gradient":""},"tablet":{"background-color":"","background-image":"","background-repeat":"repeat","background-position":"center center","background-size":"auto","background-attachment":"scroll","background-type":"","background-media":"","overlay-type":"","overlay-color":"","overlay-opacity":"","overlay-gradient":""},"mobile":{"background-color":"","background-image":"","background-repeat":"repeat","background-position":"center center","background-size":"auto","background-attachment":"scroll","background-type":"","background-media":"","overlay-type":"","overlay-color":"","overlay-opacity":"","overlay-gradient":""}},"ast-content-background-meta":{"desktop":{"background-color":"var(--ast-global-color-5)","background-image":"","background-repeat":"repeat","background-position":"center center","background-size":"auto","background-attachment":"scroll","background-type":"","background-media":"","overlay-type":"","overlay-color":"","overlay-opacity":"","overlay-gradient":""},"tablet":{"background-color":"var(--ast-global-color-5)","background-image":"","background-repeat":"repeat","background-position":"center center","background-size":"auto","background-attachment":"scroll","background-type":"","background-media":"","overlay-type":"","overlay-color":"","overlay-opacity":"","overlay-gradient":""},"mobile":{"background-color":"var(--ast-global-color-5)","background-image":"","background-repeat":"repeat","background-position":"center center","background-size":"auto","background-attachment":"scroll","background-type":"","background-media":"","overlay-type":"","overlay-color":"","overlay-opacity":"","overlay-gradient":""}},"yasr_overall_rating":0,"yasr_post_is_review":"","yasr_auto_insert_disabled":"","yasr_review_type":"","footnotes":""},"class_list":["post-4481","page","type-page","status-publish","hentry"],"yoast_head":"<!-- This site is optimized with the Yoast SEO plugin v27.6 - https:\/\/yoast.com\/product\/yoast-seo-wordpress\/ -->\n<title>Tienda | javiercachon.com<\/title>\n<meta name=\"description\" content=\"SLIMBOOK es una tienda especializada en la venta de ordenadores y port\u00e1tiles dise\u00f1ados espec\u00edficamente para usuarios de Linux.\" \/>\n<meta name=\"robots\" content=\"index, follow, max-snippet:-1, max-image-preview:large, max-video-preview:-1\" \/>\n<link rel=\"canonical\" href=\"https:\/\/javiercachon.com\/es\/tienda\/\" \/>\n<meta property=\"og:locale\" content=\"es_ES\" \/>\n<meta property=\"og:type\" content=\"article\" \/>\n<meta property=\"og:title\" content=\"Tienda | javiercachon.com\" \/>\n<meta property=\"og:description\" content=\"SLIMBOOK es una tienda especializada en la venta de ordenadores y port\u00e1tiles dise\u00f1ados espec\u00edficamente para usuarios de Linux.\" \/>\n<meta property=\"og:url\" content=\"https:\/\/javiercachon.com\/es\/tienda\/\" \/>\n<meta property=\"og:site_name\" content=\"javiercachon.com\" \/>\n<meta property=\"article:publisher\" content=\"https:\/\/www.facebook.com\/javiercachon82\" \/>\n<meta property=\"article:modified_time\" content=\"2025-05-22T14:36:20+00:00\" \/>\n<meta property=\"og:image\" content=\"http:\/\/javiercachon.com\/wp-content\/uploads\/2025\/05\/slimbook-1024x576.jpg\" \/>\n<meta name=\"twitter:card\" content=\"summary_large_image\" \/>\n<meta name=\"twitter:site\" content=\"@javiercachondev\" \/>\n<meta name=\"twitter:label1\" content=\"Tiempo de lectura\" \/>\n\t<meta name=\"twitter:data1\" content=\"2 minutos\" \/>\n<script type=\"application\/ld+json\" class=\"yoast-schema-graph\">{\"@context\":\"https:\\\/\\\/schema.org\",\"@graph\":[{\"@type\":\"WebPage\",\"@id\":\"https:\\\/\\\/javiercachon.com\\\/tienda\\\/\",\"url\":\"https:\\\/\\\/javiercachon.com\\\/tienda\\\/\",\"name\":\"Tienda | javiercachon.com\",\"isPartOf\":{\"@id\":\"https:\\\/\\\/javiercachon.com\\\/es\\\/#website\"},\"primaryImageOfPage\":{\"@id\":\"https:\\\/\\\/javiercachon.com\\\/tienda\\\/#primaryimage\"},\"image\":{\"@id\":\"https:\\\/\\\/javiercachon.com\\\/tienda\\\/#primaryimage\"},\"thumbnailUrl\":\"http:\\\/\\\/javiercachon.com\\\/wp-content\\\/uploads\\\/2025\\\/05\\\/slimbook-1024x576.jpg\",\"datePublished\":\"2024-04-25T21:46:43+00:00\",\"dateModified\":\"2025-05-22T14:36:20+00:00\",\"description\":\"SLIMBOOK es una tienda especializada en la venta de ordenadores y port\u00e1tiles dise\u00f1ados espec\u00edficamente para usuarios de Linux.\",\"breadcrumb\":{\"@id\":\"https:\\\/\\\/javiercachon.com\\\/tienda\\\/#breadcrumb\"},\"inLanguage\":\"es\",\"potentialAction\":[{\"@type\":\"ReadAction\",\"target\":[\"https:\\\/\\\/javiercachon.com\\\/tienda\\\/\"]}]},{\"@type\":\"ImageObject\",\"inLanguage\":\"es\",\"@id\":\"https:\\\/\\\/javiercachon.com\\\/tienda\\\/#primaryimage\",\"url\":\"http:\\\/\\\/javiercachon.com\\\/wp-content\\\/uploads\\\/2025\\\/05\\\/slimbook-1024x576.jpg\",\"contentUrl\":\"http:\\\/\\\/javiercachon.com\\\/wp-content\\\/uploads\\\/2025\\\/05\\\/slimbook-1024x576.jpg\"},{\"@type\":\"BreadcrumbList\",\"@id\":\"https:\\\/\\\/javiercachon.com\\\/tienda\\\/#breadcrumb\",\"itemListElement\":[{\"@type\":\"ListItem\",\"position\":1,\"name\":\"inicio\",\"item\":\"https:\\\/\\\/javiercachon.com\\\/\"},{\"@type\":\"ListItem\",\"position\":2,\"name\":\"Tienda\"}]},{\"@type\":\"WebSite\",\"@id\":\"https:\\\/\\\/javiercachon.com\\\/es\\\/#website\",\"url\":\"https:\\\/\\\/javiercachon.com\\\/es\\\/\",\"name\":\"javiercachon.com\",\"description\":\"es una plataforma educativa revolucionaria que busca democratizar el acceso al conocimiento en inform\u00e1tica.\",\"publisher\":{\"@id\":\"https:\\\/\\\/javiercachon.com\\\/es\\\/#\\\/schema\\\/person\\\/56ea56e1350676921cc43a3bcfd6c997\"},\"alternateName\":\"javiercachon.com\",\"potentialAction\":[{\"@type\":\"SearchAction\",\"target\":{\"@type\":\"EntryPoint\",\"urlTemplate\":\"https:\\\/\\\/javiercachon.com\\\/es\\\/?s={search_term_string}\"},\"query-input\":{\"@type\":\"PropertyValueSpecification\",\"valueRequired\":true,\"valueName\":\"search_term_string\"}}],\"inLanguage\":\"es\"},{\"@type\":[\"Person\",\"Organization\"],\"@id\":\"https:\\\/\\\/javiercachon.com\\\/es\\\/#\\\/schema\\\/person\\\/56ea56e1350676921cc43a3bcfd6c997\",\"name\":\"Javier Cach\u00f3n Garrido\",\"image\":{\"@type\":\"ImageObject\",\"inLanguage\":\"es\",\"@id\":\"https:\\\/\\\/javiercachon.com\\\/wp-content\\\/uploads\\\/2024\\\/11\\\/Montanas-JC-logo-azul.jpg\",\"url\":\"https:\\\/\\\/javiercachon.com\\\/wp-content\\\/uploads\\\/2024\\\/11\\\/Montanas-JC-logo-azul.jpg\",\"contentUrl\":\"https:\\\/\\\/javiercachon.com\\\/wp-content\\\/uploads\\\/2024\\\/11\\\/Montanas-JC-logo-azul.jpg\",\"width\":250,\"height\":34,\"caption\":\"Javier Cach\u00f3n Garrido\"},\"logo\":{\"@id\":\"https:\\\/\\\/javiercachon.com\\\/wp-content\\\/uploads\\\/2024\\\/11\\\/Montanas-JC-logo-azul.jpg\"},\"description\":\"Javier Cach\u00f3n Garrido es un experto en inform\u00e1tica, apasionado por el c\u00f3digo abierto y la educaci\u00f3n tecnol\u00f3gica. Como fundador de JavierCachon.com, impulsa la formaci\u00f3n en GNU\\\/Linux y software libre, promoviendo el aprendizaje accesible y colaborativo. Su misi\u00f3n es democratizar el conocimiento en TI, ofreciendo recursos gratuitos y de calidad para profesionales y entusiastas del sector. Actualmente trabaja en la multinacional NTT DATA Espa\u00f1a como Desarrollador junior con Inteligencia Artificial en Python en entornos Azure Cloud. Es un profeta y predicador que evangeliza la tecnolog\u00eda, la inform\u00e1tica y telecomunicaciones, acomp\u00e1\u00f1ale en su aventura y pasi\u00f3n por los sistemas operativos abiertos GNU\\\/Linux.\",\"sameAs\":[\"https:\\\/\\\/javiercachon.com\\\/\",\"https:\\\/\\\/www.facebook.com\\\/javiercachon82\",\"https:\\\/\\\/www.instagram.com\\\/javiercachondev\\\/\",\"https:\\\/\\\/www.linkedin.com\\\/in\\\/javiercachongarrido\\\/\",\"https:\\\/\\\/x.com\\\/https:\\\/\\\/x.com\\\/javiercachondev\",\"https:\\\/\\\/www.youtube.com\\\/@javicachon\",\"https:\\\/\\\/wiki.javiercachon.com\\\/wiki\\\/index.php\\\/Usuario:Ojosdegato\"]},false]}<\/script>\n<!-- \/ Yoast SEO plugin. -->","yoast_head_json":{"title":"Tienda | javiercachon.com","description":"SLIMBOOK es una tienda especializada en la venta de ordenadores y port\u00e1tiles dise\u00f1ados espec\u00edficamente para usuarios de Linux.","robots":{"index":"index","follow":"follow","max-snippet":"max-snippet:-1","max-image-preview":"max-image-preview:large","max-video-preview":"max-video-preview:-1"},"canonical":"https:\/\/javiercachon.com\/es\/tienda\/","og_locale":"es_ES","og_type":"article","og_title":"Tienda | javiercachon.com","og_description":"SLIMBOOK es una tienda especializada en la venta de ordenadores y port\u00e1tiles dise\u00f1ados espec\u00edficamente para usuarios de Linux.","og_url":"https:\/\/javiercachon.com\/es\/tienda\/","og_site_name":"javiercachon.com","article_publisher":"https:\/\/www.facebook.com\/javiercachon82","article_modified_time":"2025-05-22T14:36:20+00:00","og_image":[{"url":"http:\/\/javiercachon.com\/wp-content\/uploads\/2025\/05\/slimbook-1024x576.jpg","type":"","width":"","height":""}],"twitter_card":"summary_large_image","twitter_site":"@javiercachondev","twitter_misc":{"Tiempo de lectura":"2 minutos"},"schema":{"@context":"https:\/\/schema.org","@graph":[{"@type":"WebPage","@id":"https:\/\/javiercachon.com\/tienda\/","url":"https:\/\/javiercachon.com\/tienda\/","name":"Tienda | javiercachon.com","isPartOf":{"@id":"https:\/\/javiercachon.com\/es\/#website"},"primaryImageOfPage":{"@id":"https:\/\/javiercachon.com\/tienda\/#primaryimage"},"image":{"@id":"https:\/\/javiercachon.com\/tienda\/#primaryimage"},"thumbnailUrl":"http:\/\/javiercachon.com\/wp-content\/uploads\/2025\/05\/slimbook-1024x576.jpg","datePublished":"2024-04-25T21:46:43+00:00","dateModified":"2025-05-22T14:36:20+00:00","description":"SLIMBOOK es una tienda especializada en la venta de ordenadores y port\u00e1tiles dise\u00f1ados espec\u00edficamente para usuarios de Linux.","breadcrumb":{"@id":"https:\/\/javiercachon.com\/tienda\/#breadcrumb"},"inLanguage":"es","potentialAction":[{"@type":"ReadAction","target":["https:\/\/javiercachon.com\/tienda\/"]}]},{"@type":"ImageObject","inLanguage":"es","@id":"https:\/\/javiercachon.com\/tienda\/#primaryimage","url":"http:\/\/javiercachon.com\/wp-content\/uploads\/2025\/05\/slimbook-1024x576.jpg","contentUrl":"http:\/\/javiercachon.com\/wp-content\/uploads\/2025\/05\/slimbook-1024x576.jpg"},{"@type":"BreadcrumbList","@id":"https:\/\/javiercachon.com\/tienda\/#breadcrumb","itemListElement":[{"@type":"ListItem","position":1,"name":"inicio","item":"https:\/\/javiercachon.com\/"},{"@type":"ListItem","position":2,"name":"Tienda"}]},{"@type":"WebSite","@id":"https:\/\/javiercachon.com\/es\/#website","url":"https:\/\/javiercachon.com\/es\/","name":"javiercachon.com","description":"es una plataforma educativa revolucionaria que busca democratizar el acceso al conocimiento en inform\u00e1tica.","publisher":{"@id":"https:\/\/javiercachon.com\/es\/#\/schema\/person\/56ea56e1350676921cc43a3bcfd6c997"},"alternateName":"javiercachon.com","potentialAction":[{"@type":"SearchAction","target":{"@type":"EntryPoint","urlTemplate":"https:\/\/javiercachon.com\/es\/?s={search_term_string}"},"query-input":{"@type":"PropertyValueSpecification","valueRequired":true,"valueName":"search_term_string"}}],"inLanguage":"es"},{"@type":["Person","Organization"],"@id":"https:\/\/javiercachon.com\/es\/#\/schema\/person\/56ea56e1350676921cc43a3bcfd6c997","name":"Javier Cach\u00f3n Garrido","image":{"@type":"ImageObject","inLanguage":"es","@id":"https:\/\/javiercachon.com\/wp-content\/uploads\/2024\/11\/Montanas-JC-logo-azul.jpg","url":"https:\/\/javiercachon.com\/wp-content\/uploads\/2024\/11\/Montanas-JC-logo-azul.jpg","contentUrl":"https:\/\/javiercachon.com\/wp-content\/uploads\/2024\/11\/Montanas-JC-logo-azul.jpg","width":250,"height":34,"caption":"Javier Cach\u00f3n Garrido"},"logo":{"@id":"https:\/\/javiercachon.com\/wp-content\/uploads\/2024\/11\/Montanas-JC-logo-azul.jpg"},"description":"Javier Cach\u00f3n Garrido es un experto en inform\u00e1tica, apasionado por el c\u00f3digo abierto y la educaci\u00f3n tecnol\u00f3gica. Como fundador de JavierCachon.com, impulsa la formaci\u00f3n en GNU\/Linux y software libre, promoviendo el aprendizaje accesible y colaborativo. Su misi\u00f3n es democratizar el conocimiento en TI, ofreciendo recursos gratuitos y de calidad para profesionales y entusiastas del sector. Actualmente trabaja en la multinacional NTT DATA Espa\u00f1a como Desarrollador junior con Inteligencia Artificial en Python en entornos Azure Cloud. Es un profeta y predicador que evangeliza la tecnolog\u00eda, la inform\u00e1tica y telecomunicaciones, acomp\u00e1\u00f1ale en su aventura y pasi\u00f3n por los sistemas operativos abiertos GNU\/Linux.","sameAs":["https:\/\/javiercachon.com\/","https:\/\/www.facebook.com\/javiercachon82","https:\/\/www.instagram.com\/javiercachondev\/","https:\/\/www.linkedin.com\/in\/javiercachongarrido\/","https:\/\/x.com\/https:\/\/x.com\/javiercachondev","https:\/\/www.youtube.com\/@javicachon","https:\/\/wiki.javiercachon.com\/wiki\/index.php\/Usuario:Ojosdegato"]},false]}},"yasr_visitor_votes":{"stars_attributes":{"read_only":false,"span_bottom":false},"number_of_votes":0,"sum_votes":0},"jetpack_likes_enabled":true,"jetpack_sharing_enabled":true,"_links":{"self":[{"href":"https:\/\/javiercachon.com\/es\/wp-json\/wp\/v2\/pages\/4481","targetHints":{"allow":["GET"]}}],"collection":[{"href":"https:\/\/javiercachon.com\/es\/wp-json\/wp\/v2\/pages"}],"about":[{"href":"https:\/\/javiercachon.com\/es\/wp-json\/wp\/v2\/types\/page"}],"author":[{"embeddable":true,"href":"https:\/\/javiercachon.com\/es\/wp-json\/wp\/v2\/users\/1"}],"replies":[{"embeddable":true,"href":"https:\/\/javiercachon.com\/es\/wp-json\/wp\/v2\/comments?post=4481"}],"version-history":[{"count":3,"href":"https:\/\/javiercachon.com\/es\/wp-json\/wp\/v2\/pages\/4481\/revisions"}],"predecessor-version":[{"id":5593,"href":"https:\/\/javiercachon.com\/es\/wp-json\/wp\/v2\/pages\/4481\/revisions\/5593"}],"wp:attachment":[{"href":"https:\/\/javiercachon.com\/es\/wp-json\/wp\/v2\/media?parent=4481"}],"curies":[{"name":"wp","href":"https:\/\/api.w.org\/{rel}","templated":true}]}}